{"id":370,"date":"2026-01-04T12:38:00","date_gmt":"2026-01-04T12:38:00","guid":{"rendered":"http:\/\/eiranordic.se\/product\/hybrid-cleansing-balm\/"},"modified":"2026-04-13T06:14:59","modified_gmt":"2026-04-13T06:14:59","slug":"gamlastanbracelet","status":"publish","type":"product","link":"https:\/\/eiranordic.se\/sv\/produkt\/gamlastanbracelet\/","title":{"rendered":"Gamla Stan Armband | Harmoniens f\u00e4rger | Souvenir fr\u00e5n Sverige"},"content":{"rendered":"<p>Gamla Stan-armbandet f\u00f6rkroppsligar harmonins f\u00e4rger \u2013<br \/>\nen mild energi av v\u00e4rme, gemenskap och emotionell balans.<\/p>\n<p><img loading=\"lazy\" decoding=\"async\" class=\"alignnone wp-image-2512\" src=\"https:\/\/eiranordic.se\/wp-content\/uploads\/2026\/01\/3-2-225x300.jpg\" alt=\"\" width=\"469\" height=\"625\" srcset=\"https:\/\/eiranordic.se\/wp-content\/uploads\/2026\/01\/3-2-225x300.jpg 225w, https:\/\/eiranordic.se\/wp-content\/uploads\/2026\/01\/3-2-768x1024.jpg 768w, https:\/\/eiranordic.se\/wp-content\/uploads\/2026\/01\/3-2-1152x1536.jpg 1152w, https:\/\/eiranordic.se\/wp-content\/uploads\/2026\/01\/3-2-1536x2048.jpg 1536w, https:\/\/eiranordic.se\/wp-content\/uploads\/2026\/01\/3-2-600x800.jpg 600w, https:\/\/eiranordic.se\/wp-content\/uploads\/2026\/01\/3-2-scaled.jpg 1920w\" sizes=\"auto, (max-width: 469px) 100vw, 469px\" \/><\/p>\n<p>Inspirerat av de f\u00e4rgglada husen i Gamla Stan, Stockholms historiska hj\u00e4rta, speglar detta armband en plats d\u00e4r historia, familjeliv och gemensamma \u00f6gonblick stilla lever sida vid sida. Kullerstensgator och solbelysta fasader i varma r\u00f6da, gula och ockratoner ber\u00e4ttar historier om samh\u00f6righet \u2013 \u00e4ven genom l\u00e5nga nordiska vintrar.<\/p>\n<p><img loading=\"lazy\" decoding=\"async\" class=\"alignnone wp-image-2516\" src=\"https:\/\/eiranordic.se\/wp-content\/uploads\/2026\/01\/4-2-225x300.jpg\" alt=\"\" width=\"468\" height=\"624\" srcset=\"https:\/\/eiranordic.se\/wp-content\/uploads\/2026\/01\/4-2-225x300.jpg 225w, https:\/\/eiranordic.se\/wp-content\/uploads\/2026\/01\/4-2-768x1024.jpg 768w, https:\/\/eiranordic.se\/wp-content\/uploads\/2026\/01\/4-2-1152x1536.jpg 1152w, https:\/\/eiranordic.se\/wp-content\/uploads\/2026\/01\/4-2-1536x2048.jpg 1536w, https:\/\/eiranordic.se\/wp-content\/uploads\/2026\/01\/4-2-600x800.jpg 600w, https:\/\/eiranordic.se\/wp-content\/uploads\/2026\/01\/4-2-scaled.jpg 1920w\" sizes=\"auto, (max-width: 468px) 100vw, 468px\" \/><\/p>\n<p>Detta armband \u00e4r handgjort med naturlig Mookait och utstr\u00e5lar en jordande v\u00e4rme, likt vintersolen som silas mellan gamla v\u00e4ggar. Mookait \u00e4r k\u00e4nd f\u00f6r sina stabiliserande och n\u00e4rande egenskaper \u2013 den hj\u00e4lper till att sl\u00e4ppa oro, mjuka upp k\u00e4nslom\u00e4ssiga sp\u00e4nningar och varsamt l\u00e4ka sprickor i relationer.<\/p>\n<p><img loading=\"lazy\" decoding=\"async\" class=\"alignnone wp-image-2514\" src=\"https:\/\/eiranordic.se\/wp-content\/uploads\/2026\/01\/2-2-225x300.jpg\" alt=\"\" width=\"467\" height=\"623\" srcset=\"https:\/\/eiranordic.se\/wp-content\/uploads\/2026\/01\/2-2-225x300.jpg 225w, https:\/\/eiranordic.se\/wp-content\/uploads\/2026\/01\/2-2-768x1024.jpg 768w, https:\/\/eiranordic.se\/wp-content\/uploads\/2026\/01\/2-2-1152x1536.jpg 1152w, https:\/\/eiranordic.se\/wp-content\/uploads\/2026\/01\/2-2-1536x2048.jpg 1536w, https:\/\/eiranordic.se\/wp-content\/uploads\/2026\/01\/2-2-600x800.jpg 600w, https:\/\/eiranordic.se\/wp-content\/uploads\/2026\/01\/2-2-scaled.jpg 1920w\" sizes=\"auto, (max-width: 467px) 100vw, 467px\" \/><\/p>\n<p>Det st\u00f6djer harmonin i familjebanden, de k\u00e4nslom\u00e4ssiga kopplingarna och v\u00e5ra gemensamma platser. Det p\u00e5minner oss om att v\u00e4rme ofta inte skapas genom perfektion, utan genom n\u00e4rvaro och omsorg.<\/p>\n<p><img loading=\"lazy\" decoding=\"async\" class=\"alignnone wp-image-2517\" src=\"https:\/\/eiranordic.se\/wp-content\/uploads\/2026\/01\/5-2-225x300.jpg\" alt=\"\" width=\"465\" height=\"620\" srcset=\"https:\/\/eiranordic.se\/wp-content\/uploads\/2026\/01\/5-2-225x300.jpg 225w, https:\/\/eiranordic.se\/wp-content\/uploads\/2026\/01\/5-2-768x1024.jpg 768w, https:\/\/eiranordic.se\/wp-content\/uploads\/2026\/01\/5-2-1152x1536.jpg 1152w, https:\/\/eiranordic.se\/wp-content\/uploads\/2026\/01\/5-2-1536x2048.jpg 1536w, https:\/\/eiranordic.se\/wp-content\/uploads\/2026\/01\/5-2-600x800.jpg 600w, https:\/\/eiranordic.se\/wp-content\/uploads\/2026\/01\/5-2-scaled.jpg 1920w\" sizes=\"auto, (max-width: 465px) 100vw, 465px\" \/><\/p>\n<p>Varje armband \u00e4r handgjort av naturstenar, vilket g\u00f6r varje smycke helt unikt.<br \/>\nFor customization or inquiries, please contact us via WhatsApp:+46756664171.<br \/>\nDu \u00e4r ocks\u00e5 varmt v\u00e4lkommen att bes\u00f6ka v\u00e5r butik p\u00e5 K\u00f6pmangatan 22, 111 29 Stockholm.<\/p>","protected":false},"excerpt":{"rendered":"<p>Gamla Stan-armbandet \u00e4r inspirerat av Stockholms historiska stadsdel. Handgjort med naturlig Mookait som symboliserar harmoni, emotionell balans, gemenskap och v\u00e4rme. Skapat i Sverige. F\u00f6r personliga \u00f6nskem\u00e5l eller fr\u00e5gor, kontakta oss g\u00e4rna via WhatsApp: +46756664171.<\/p>","protected":false},"featured_media":2511,"comment_status":"open","ping_status":"closed","template":"","meta":{"_uag_custom_page_level_css":"","site-sidebar-layout":"default","site-content-layout":"content-boxed-container","ast-site-content-layout":"normal-width-container","site-content-style":"boxed","site-sidebar-style":"unboxed","ast-global-header-display":"","ast-banner-title-visibility":"","ast-main-header-display":"","ast-hfb-above-header-display":"","ast-hfb-below-header-display":"","ast-hfb-mobile-header-display":"","site-post-title":"","ast-breadcrumbs-content":"","ast-featured-img":"","footer-sml-layout":"","ast-disable-related-posts":"","theme-transparent-header-meta":"default","adv-header-id-meta":"","stick-header-meta":"","header-above-stick-meta":"","header-main-stick-meta":"","header-below-stick-meta":"","astra-migrate-meta-layouts":"set","ast-page-background-enabled":"default","ast-page-background-meta":{"desktop":{"background-color":"var(--ast-global-color-4)","background-image":"","background-repeat":"repeat","background-position":"center center","background-size":"auto","background-attachment":"scroll","background-type":"","background-media":"","overlay-type":"","overlay-color":"","overlay-opacity":"","overlay-gradient":""},"tablet":{"background-color":"","background-image":"","background-repeat":"repeat","background-position":"center center","background-size":"auto","background-attachment":"scroll","background-type":"","background-media":"","overlay-type":"","overlay-color":"","overlay-opacity":"","overlay-gradient":""},"mobile":{"background-color":"","background-image":"","background-repeat":"repeat","background-position":"center center","background-size":"auto","background-attachment":"scroll","background-type":"","background-media":"","overlay-type":"","overlay-color":"","overlay-opacity":"","overlay-gradient":""}},"ast-content-background-meta":{"desktop":{"background-color":"var(--ast-global-color-5)","background-image":"","background-repeat":"repeat","background-position":"center center","background-size":"auto","background-attachment":"scroll","background-type":"","background-media":"","overlay-type":"","overlay-color":"","overlay-opacity":"","overlay-gradient":""},"tablet":{"background-color":"var(--ast-global-color-5)","background-image":"","background-repeat":"repeat","background-position":"center center","background-size":"auto","background-attachment":"scroll","background-type":"","background-media":"","overlay-type":"","overlay-color":"","overlay-opacity":"","overlay-gradient":""},"mobile":{"background-color":"var(--ast-global-color-5)","background-image":"","background-repeat":"repeat","background-position":"center center","background-size":"auto","background-attachment":"scroll","background-type":"","background-media":"","overlay-type":"","overlay-color":"","overlay-opacity":"","overlay-gradient":""}}},"product_brand":[],"product_cat":[29],"product_tag":[],"class_list":{"0":"post-370","1":"product","2":"type-product","3":"status-publish","4":"has-post-thumbnail","6":"product_cat-gemstone-bracelet","7":"desktop-align-left","8":"tablet-align-left","9":"mobile-align-left","11":"first","12":"instock","13":"taxable","14":"shipping-taxable","15":"purchasable","16":"product-type-variable"},"aioseo_notices":[],"uagb_featured_image_src":{"full":["https:\/\/eiranordic.se\/wp-content\/uploads\/2026\/01\/1-scaled.jpg",1920,2560,false],"thumbnail":["https:\/\/eiranordic.se\/wp-content\/uploads\/2026\/01\/1-150x150.jpg",150,150,true],"medium":["https:\/\/eiranordic.se\/wp-content\/uploads\/2026\/01\/1-225x300.jpg",225,300,true],"medium_large":["https:\/\/eiranordic.se\/wp-content\/uploads\/2026\/01\/1-768x1024.jpg",768,1024,true],"large":["https:\/\/eiranordic.se\/wp-content\/uploads\/2026\/01\/1-768x1024.jpg",768,1024,true],"1536x1536":["https:\/\/eiranordic.se\/wp-content\/uploads\/2026\/01\/1-1152x1536.jpg",1152,1536,true],"2048x2048":["https:\/\/eiranordic.se\/wp-content\/uploads\/2026\/01\/1-1536x2048.jpg",1536,2048,true],"trp-custom-language-flag":["https:\/\/eiranordic.se\/wp-content\/uploads\/2026\/01\/1-scaled.jpg",9,12,false],"woocommerce_thumbnail":["https:\/\/eiranordic.se\/wp-content\/uploads\/2026\/01\/1-300x300.jpg",300,300,true],"woocommerce_single":["https:\/\/eiranordic.se\/wp-content\/uploads\/2026\/01\/1-600x800.jpg",600,800,true],"woocommerce_gallery_thumbnail":["https:\/\/eiranordic.se\/wp-content\/uploads\/2026\/01\/1-100x100.jpg",100,100,true]},"uagb_author_info":{"display_name":"alexkhun07@gmail.com","author_link":"https:\/\/eiranordic.se\/sv\/author\/"},"uagb_comment_info":0,"uagb_excerpt":"Gamla Stan Bracelet inspired by Stockholm\u2019s old town. Handmade with natural Mookaite, symbolizing harmony, emotional balance, connection and warmth. Crafted in Sweden. For customization or inquiries, please contact WhatsApp:+46756664171.","_links":{"self":[{"href":"https:\/\/eiranordic.se\/sv\/wp-json\/wp\/v2\/product\/370","targetHints":{"allow":["GET"]}}],"collection":[{"href":"https:\/\/eiranordic.se\/sv\/wp-json\/wp\/v2\/product"}],"about":[{"href":"https:\/\/eiranordic.se\/sv\/wp-json\/wp\/v2\/types\/product"}],"replies":[{"embeddable":true,"href":"https:\/\/eiranordic.se\/sv\/wp-json\/wp\/v2\/comments?post=370"}],"wp:featuredmedia":[{"embeddable":true,"href":"https:\/\/eiranordic.se\/sv\/wp-json\/wp\/v2\/media\/2511"}],"wp:attachment":[{"href":"https:\/\/eiranordic.se\/sv\/wp-json\/wp\/v2\/media?parent=370"}],"wp:term":[{"taxonomy":"product_brand","embeddable":true,"href":"https:\/\/eiranordic.se\/sv\/wp-json\/wp\/v2\/product_brand?post=370"},{"taxonomy":"product_cat","embeddable":true,"href":"https:\/\/eiranordic.se\/sv\/wp-json\/wp\/v2\/product_cat?post=370"},{"taxonomy":"product_tag","embeddable":true,"href":"https:\/\/eiranordic.se\/sv\/wp-json\/wp\/v2\/product_tag?post=370"}],"curies":[{"name":"wp","href":"https:\/\/api.w.org\/{rel}","templated":true}]}}