{"id":369,"date":"2026-01-04T12:38:00","date_gmt":"2026-01-04T12:38:00","guid":{"rendered":"http:\/\/eiranordic.se\/product\/soothing-sunscreen-gel\/"},"modified":"2026-04-13T02:14:22","modified_gmt":"2026-04-13T02:14:22","slug":"dalahorsebracelet","status":"publish","type":"product","link":"https:\/\/eiranordic.se\/sv\/produkt\/dalahorsebracelet\/","title":{"rendered":"Dala Horse Bracelet | Spirit of Courage | Sweden Souvenir"},"content":{"rendered":"<p data-start=\"206\" data-end=\"323\">Dalah\u00e4st <strong data-start=\"210\" data-end=\"233\">-armbandet<\/strong> b\u00e4r p\u00e5 modets anda <em data-start=\"246\" data-end=\"265\">\u2013 en symbol f\u00f6r inre styrka<\/em> \u2014<br data-start=\"267\" data-end=\"270\" \/>en stilla styrka rotad i k\u00e4rlek, omsorg och tillh\u00f6righet.<\/p>\n<p data-start=\"206\" data-end=\"323\"><img loading=\"lazy\" decoding=\"async\" class=\"alignnone wp-image-2503\" src=\"https:\/\/eiranordic.se\/wp-content\/uploads\/2026\/01\/\u5934\u56fe-225x300.jpg\" alt=\"\" width=\"467\" height=\"622\" srcset=\"https:\/\/eiranordic.se\/wp-content\/uploads\/2026\/01\/\u5934\u56fe-225x300.jpg 225w, https:\/\/eiranordic.se\/wp-content\/uploads\/2026\/01\/\u5934\u56fe-768x1024.jpg 768w, https:\/\/eiranordic.se\/wp-content\/uploads\/2026\/01\/\u5934\u56fe-1152x1536.jpg 1152w, https:\/\/eiranordic.se\/wp-content\/uploads\/2026\/01\/\u5934\u56fe-1536x2048.jpg 1536w, https:\/\/eiranordic.se\/wp-content\/uploads\/2026\/01\/\u5934\u56fe-600x800.jpg 600w, https:\/\/eiranordic.se\/wp-content\/uploads\/2026\/01\/\u5934\u56fe-scaled.jpg 1920w\" sizes=\"auto, (max-width: 467px) 100vw, 467px\" \/><\/p>\n<p data-start=\"325\" data-end=\"625\">nspirerat av den traditionella svenska dalah\u00e4sten, speglar detta smycke v\u00e4rmen fr\u00e5n hem och familj. Dalah\u00e4sten, som en g\u00e5ng t\u00e4ljdes som en enkel tr\u00e4leksak f\u00f6r barn, har blivit en tidl\u00f6s symbol f\u00f6r <strong data-start=\"520\" data-end=\"570\">k\u00e4rlek, inre styrka, beskydd och v\u00e4lsignelse<\/strong> \u2014 en p\u00e5minnelse om att mod ofta v\u00e4xer ur mildhet.<\/p>\n<p data-start=\"325\" data-end=\"625\"><img loading=\"lazy\" decoding=\"async\" class=\"alignnone wp-image-2498\" src=\"https:\/\/eiranordic.se\/wp-content\/uploads\/2026\/01\/5-300x300.png\" alt=\"\" width=\"468\" height=\"468\" srcset=\"https:\/\/eiranordic.se\/wp-content\/uploads\/2026\/01\/5-300x300.png 300w, https:\/\/eiranordic.se\/wp-content\/uploads\/2026\/01\/5-1024x1024.png 1024w, https:\/\/eiranordic.se\/wp-content\/uploads\/2026\/01\/5-150x150.png 150w, https:\/\/eiranordic.se\/wp-content\/uploads\/2026\/01\/5-768x768.png 768w, https:\/\/eiranordic.se\/wp-content\/uploads\/2026\/01\/5-1536x1536.png 1536w, https:\/\/eiranordic.se\/wp-content\/uploads\/2026\/01\/5-2048x2048.png 2048w, https:\/\/eiranordic.se\/wp-content\/uploads\/2026\/01\/5-600x600.png 600w, https:\/\/eiranordic.se\/wp-content\/uploads\/2026\/01\/5-100x100.png 100w\" sizes=\"auto, (max-width: 468px) 100vw, 468px\" \/><\/p>\n<p data-start=\"627\" data-end=\"768\">Handgjort med noggrant utvalda naturstenar:<br data-start=\"678\" data-end=\"681\" \/><strong data-start=\"681\" data-end=\"695\">R\u00f6d jaspis<\/strong>, <strong data-start=\"697\" data-end=\"712\">vit sn\u00e4ckskal<\/strong>, <strong data-start=\"714\" data-end=\"730\">gul agat<\/strong>, <strong data-start=\"732\" data-end=\"745\">malakit<\/strong>,och <strong data-start=\"751\" data-end=\"767\">lapis lazuli<\/strong>.<\/p>\n<p data-start=\"770\" data-end=\"958\">R\u00f6d jaspis och gul agat v\u00e4cker livskraft och grundande energi.<br data-start=\"835\" data-end=\"838\" \/>Malakit lugnar hj\u00e4rtat och fr\u00e4mjar emotionell balans.<br data-start=\"899\" data-end=\"902\" \/>Lapis lazuli sk\u00e4nker ett inre lugn, klarhet och eftert\u00e4nksam insikt.<\/p>\n<p data-start=\"770\" data-end=\"958\"><img loading=\"lazy\" decoding=\"async\" class=\"alignnone wp-image-2499\" src=\"https:\/\/eiranordic.se\/wp-content\/uploads\/2026\/01\/2-225x300.jpg\" alt=\"\" width=\"472\" height=\"629\" srcset=\"https:\/\/eiranordic.se\/wp-content\/uploads\/2026\/01\/2-225x300.jpg 225w, https:\/\/eiranordic.se\/wp-content\/uploads\/2026\/01\/2-768x1024.jpg 768w, https:\/\/eiranordic.se\/wp-content\/uploads\/2026\/01\/2-1152x1536.jpg 1152w, https:\/\/eiranordic.se\/wp-content\/uploads\/2026\/01\/2-1536x2048.jpg 1536w, https:\/\/eiranordic.se\/wp-content\/uploads\/2026\/01\/2-600x800.jpg 600w, https:\/\/eiranordic.se\/wp-content\/uploads\/2026\/01\/2-scaled.jpg 1920w\" sizes=\"auto, (max-width: 472px) 100vw, 472px\" \/><\/p>\n<p data-start=\"960\" data-end=\"1125\">Tillsammans bildar dessa stenar en harmonisk komposition \u2014<br data-start=\"1014\" data-end=\"1017\" \/>en b\u00e4rbar p\u00e5minnelse om att <strong data-start=\"1042\" data-end=\"1076\">sann styrka b\u00f6rjar med k\u00e4rlek<\/strong>,<br data-start=\"1077\" data-end=\"1080\" \/>och att mod kan vara b\u00e5de stadigt och mjukt.<\/p>\n<p data-start=\"960\" data-end=\"1125\"><img loading=\"lazy\" decoding=\"async\" class=\"alignnone wp-image-2502\" src=\"https:\/\/eiranordic.se\/wp-content\/uploads\/2026\/01\/5-225x300.jpg\" alt=\"\" width=\"468\" height=\"624\" srcset=\"https:\/\/eiranordic.se\/wp-content\/uploads\/2026\/01\/5-225x300.jpg 225w, https:\/\/eiranordic.se\/wp-content\/uploads\/2026\/01\/5-768x1024.jpg 768w, https:\/\/eiranordic.se\/wp-content\/uploads\/2026\/01\/5-1152x1536.jpg 1152w, https:\/\/eiranordic.se\/wp-content\/uploads\/2026\/01\/5-1536x2048.jpg 1536w, https:\/\/eiranordic.se\/wp-content\/uploads\/2026\/01\/5-600x800.jpg 600w, https:\/\/eiranordic.se\/wp-content\/uploads\/2026\/01\/5-scaled.jpg 1920w\" sizes=\"auto, (max-width: 468px) 100vw, 468px\" \/><\/p>\n<p data-start=\"1127\" data-end=\"1233\">Varje armband \u00e4r handgjort i Sverige och f\u00f6renar nordisk tradition med naturmaterial och meningsfull design.<\/p>","protected":false},"excerpt":{"rendered":"<p>Inspirerat av den svenska dalah\u00e4sten, symboliserar detta handgjorda armband k\u00e4rlek, inre styrka, mod och v\u00e4lsignelse.<\/p>\n<p>Skapat i Sverige med noggrant utvalda naturstenar. F\u00f6r personliga \u00f6nskem\u00e5l eller fr\u00e5gor, kontakta oss g\u00e4rna via WhatsApp: +46756664171.<\/p>","protected":false},"featured_media":2500,"comment_status":"open","ping_status":"closed","template":"","meta":{"_uag_custom_page_level_css":"","site-sidebar-layout":"default","site-content-layout":"content-boxed-container","ast-site-content-layout":"normal-width-container","site-content-style":"boxed","site-sidebar-style":"unboxed","ast-global-header-display":"","ast-banner-title-visibility":"","ast-main-header-display":"","ast-hfb-above-header-display":"","ast-hfb-below-header-display":"","ast-hfb-mobile-header-display":"","site-post-title":"","ast-breadcrumbs-content":"","ast-featured-img":"","footer-sml-layout":"","ast-disable-related-posts":"","theme-transparent-header-meta":"default","adv-header-id-meta":"","stick-header-meta":"","header-above-stick-meta":"","header-main-stick-meta":"","header-below-stick-meta":"","astra-migrate-meta-layouts":"set","ast-page-background-enabled":"default","ast-page-background-meta":{"desktop":{"background-color":"var(--ast-global-color-4)","background-image":"","background-repeat":"repeat","background-position":"center center","background-size":"auto","background-attachment":"scroll","background-type":"","background-media":"","overlay-type":"","overlay-color":"","overlay-opacity":"","overlay-gradient":""},"tablet":{"background-color":"","background-image":"","background-repeat":"repeat","background-position":"center center","background-size":"auto","background-attachment":"scroll","background-type":"","background-media":"","overlay-type":"","overlay-color":"","overlay-opacity":"","overlay-gradient":""},"mobile":{"background-color":"","background-image":"","background-repeat":"repeat","background-position":"center center","background-size":"auto","background-attachment":"scroll","background-type":"","background-media":"","overlay-type":"","overlay-color":"","overlay-opacity":"","overlay-gradient":""}},"ast-content-background-meta":{"desktop":{"background-color":"var(--ast-global-color-5)","background-image":"","background-repeat":"repeat","background-position":"center center","background-size":"auto","background-attachment":"scroll","background-type":"","background-media":"","overlay-type":"","overlay-color":"","overlay-opacity":"","overlay-gradient":""},"tablet":{"background-color":"var(--ast-global-color-5)","background-image":"","background-repeat":"repeat","background-position":"center center","background-size":"auto","background-attachment":"scroll","background-type":"","background-media":"","overlay-type":"","overlay-color":"","overlay-opacity":"","overlay-gradient":""},"mobile":{"background-color":"var(--ast-global-color-5)","background-image":"","background-repeat":"repeat","background-position":"center center","background-size":"auto","background-attachment":"scroll","background-type":"","background-media":"","overlay-type":"","overlay-color":"","overlay-opacity":"","overlay-gradient":""}}},"product_brand":[],"product_cat":[29],"product_tag":[],"class_list":{"0":"post-369","1":"product","2":"type-product","3":"status-publish","4":"has-post-thumbnail","6":"product_cat-gemstone-bracelet","7":"desktop-align-left","8":"tablet-align-left","9":"mobile-align-left","11":"first","12":"instock","13":"taxable","14":"shipping-taxable","15":"purchasable","16":"product-type-variable"},"aioseo_notices":[],"uagb_featured_image_src":{"full":["https:\/\/eiranordic.se\/wp-content\/uploads\/2026\/01\/3-scaled.jpg",1920,2560,false],"thumbnail":["https:\/\/eiranordic.se\/wp-content\/uploads\/2026\/01\/3-150x150.jpg",150,150,true],"medium":["https:\/\/eiranordic.se\/wp-content\/uploads\/2026\/01\/3-225x300.jpg",225,300,true],"medium_large":["https:\/\/eiranordic.se\/wp-content\/uploads\/2026\/01\/3-768x1024.jpg",768,1024,true],"large":["https:\/\/eiranordic.se\/wp-content\/uploads\/2026\/01\/3-768x1024.jpg",768,1024,true],"1536x1536":["https:\/\/eiranordic.se\/wp-content\/uploads\/2026\/01\/3-1152x1536.jpg",1152,1536,true],"2048x2048":["https:\/\/eiranordic.se\/wp-content\/uploads\/2026\/01\/3-1536x2048.jpg",1536,2048,true],"trp-custom-language-flag":["https:\/\/eiranordic.se\/wp-content\/uploads\/2026\/01\/3-scaled.jpg",9,12,false],"woocommerce_thumbnail":["https:\/\/eiranordic.se\/wp-content\/uploads\/2026\/01\/3-300x300.jpg",300,300,true],"woocommerce_single":["https:\/\/eiranordic.se\/wp-content\/uploads\/2026\/01\/3-600x800.jpg",600,800,true],"woocommerce_gallery_thumbnail":["https:\/\/eiranordic.se\/wp-content\/uploads\/2026\/01\/3-100x100.jpg",100,100,true]},"uagb_author_info":{"display_name":"alexkhun07@gmail.com","author_link":"https:\/\/eiranordic.se\/sv\/author\/"},"uagb_comment_info":18,"uagb_excerpt":"Inspired by the Swedish Dala Horse, this handmade bracelet symbolizes love, inner strength, courage, and blessing. Crafted in Sweden with carefully selected natural stones. For customization or inquiries, please contact WhatsApp:+46756664171.","_links":{"self":[{"href":"https:\/\/eiranordic.se\/sv\/wp-json\/wp\/v2\/product\/369","targetHints":{"allow":["GET"]}}],"collection":[{"href":"https:\/\/eiranordic.se\/sv\/wp-json\/wp\/v2\/product"}],"about":[{"href":"https:\/\/eiranordic.se\/sv\/wp-json\/wp\/v2\/types\/product"}],"replies":[{"embeddable":true,"href":"https:\/\/eiranordic.se\/sv\/wp-json\/wp\/v2\/comments?post=369"}],"wp:featuredmedia":[{"embeddable":true,"href":"https:\/\/eiranordic.se\/sv\/wp-json\/wp\/v2\/media\/2500"}],"wp:attachment":[{"href":"https:\/\/eiranordic.se\/sv\/wp-json\/wp\/v2\/media?parent=369"}],"wp:term":[{"taxonomy":"product_brand","embeddable":true,"href":"https:\/\/eiranordic.se\/sv\/wp-json\/wp\/v2\/product_brand?post=369"},{"taxonomy":"product_cat","embeddable":true,"href":"https:\/\/eiranordic.se\/sv\/wp-json\/wp\/v2\/product_cat?post=369"},{"taxonomy":"product_tag","embeddable":true,"href":"https:\/\/eiranordic.se\/sv\/wp-json\/wp\/v2\/product_tag?post=369"}],"curies":[{"name":"wp","href":"https:\/\/api.w.org\/{rel}","templated":true}]}}