{"id":365,"date":"2026-01-04T12:37:59","date_gmt":"2026-01-04T12:37:59","guid":{"rendered":"http:\/\/eiranordic.se\/product\/balancing-daily-cleanser\/"},"modified":"2026-04-07T09:47:05","modified_gmt":"2026-04-07T09:47:05","slug":"licoricebracelet","status":"publish","type":"product","link":"https:\/\/eiranordic.se\/sv\/produkt\/licoricebracelet\/","title":{"rendered":"Licorice Armband | Lugnt Sinne | Souvenir fr\u00e5n Sverige"},"content":{"rendered":"<p>Licorice-armbandet f\u00f6rkroppsligar ett Lugnt Sinne \u2014<br \/>\nen energi av emotionell balans, mental klarhet och varsam lindring.<\/p>\n<p><img loading=\"lazy\" decoding=\"async\" class=\"alignnone wp-image-2599\" src=\"https:\/\/eiranordic.se\/wp-content\/uploads\/2026\/01\/7-2-225x300.jpg\" alt=\"\" width=\"454\" height=\"605\" srcset=\"https:\/\/eiranordic.se\/wp-content\/uploads\/2026\/01\/7-2-225x300.jpg 225w, https:\/\/eiranordic.se\/wp-content\/uploads\/2026\/01\/7-2-768x1024.jpg 768w, https:\/\/eiranordic.se\/wp-content\/uploads\/2026\/01\/7-2-1152x1536.jpg 1152w, https:\/\/eiranordic.se\/wp-content\/uploads\/2026\/01\/7-2-1536x2048.jpg 1536w, https:\/\/eiranordic.se\/wp-content\/uploads\/2026\/01\/7-2-600x800.jpg 600w, https:\/\/eiranordic.se\/wp-content\/uploads\/2026\/01\/7-2-scaled.jpg 1920w\" sizes=\"auto, (max-width: 454px) 100vw, 454px\" \/><\/p>\n<p>Inspirerat av den bitterljuva harmonin i nordisk lakrits, speglar detta armband sk\u00f6nheten i balans: lugn utan domnad, fokus utan sp\u00e4nning. Precis som lakrits b\u00e4r p\u00e5 b\u00e5de mjukhet och djup, bjuder detta smycke in sinnet att komma till ro, samtidigt som du f\u00f6rblir n\u00e4rvarande och medveten.<\/p>\n<p><img loading=\"lazy\" decoding=\"async\" class=\"alignnone wp-image-2595\" src=\"https:\/\/eiranordic.se\/wp-content\/uploads\/2026\/01\/3-13-225x300.jpg\" alt=\"\" width=\"453\" height=\"604\" srcset=\"https:\/\/eiranordic.se\/wp-content\/uploads\/2026\/01\/3-13-225x300.jpg 225w, https:\/\/eiranordic.se\/wp-content\/uploads\/2026\/01\/3-13-768x1024.jpg 768w, https:\/\/eiranordic.se\/wp-content\/uploads\/2026\/01\/3-13-1152x1536.jpg 1152w, https:\/\/eiranordic.se\/wp-content\/uploads\/2026\/01\/3-13-1536x2048.jpg 1536w, https:\/\/eiranordic.se\/wp-content\/uploads\/2026\/01\/3-13-600x800.jpg 600w, https:\/\/eiranordic.se\/wp-content\/uploads\/2026\/01\/3-13-scaled.jpg 1920w\" sizes=\"auto, (max-width: 453px) 100vw, 453px\" \/><\/p>\n<p>Detta armband \u00e4r handgjort med naturlig obsidian, agat, r\u00f6d jaspis, rosenkvarts och vit sn\u00e4cka, vilket fr\u00e4mjar emotionell grundning och inre frid.<\/p>\n<p><img loading=\"lazy\" decoding=\"async\" class=\"alignnone wp-image-2596\" src=\"https:\/\/eiranordic.se\/wp-content\/uploads\/2026\/01\/4-10-225x300.jpg\" alt=\"\" width=\"452\" height=\"603\" srcset=\"https:\/\/eiranordic.se\/wp-content\/uploads\/2026\/01\/4-10-225x300.jpg 225w, https:\/\/eiranordic.se\/wp-content\/uploads\/2026\/01\/4-10-768x1024.jpg 768w, https:\/\/eiranordic.se\/wp-content\/uploads\/2026\/01\/4-10-1152x1536.jpg 1152w, https:\/\/eiranordic.se\/wp-content\/uploads\/2026\/01\/4-10-1536x2048.jpg 1536w, https:\/\/eiranordic.se\/wp-content\/uploads\/2026\/01\/4-10-600x800.jpg 600w, https:\/\/eiranordic.se\/wp-content\/uploads\/2026\/01\/4-10-scaled.jpg 1920w\" sizes=\"auto, (max-width: 452px) 100vw, 452px\" \/><br \/>\nObsidian absorberar distraktioner och stabiliserar energif\u00e4ltet.<br \/>\nRosenkvarts lindrar emotionella sp\u00e4nningar och fr\u00e4mjar en varsam sj\u00e4lvkontakt.<br \/>\nAgat och vit sn\u00e4cka balanserar energifl\u00f6det, vilket ger en lugn klarhet och stadighet.<br \/>\nR\u00f6d jaspis ger grundande st\u00f6d och hj\u00e4lper kroppen att k\u00e4nna sig trygg och centrerad.<\/p>\n<p><img loading=\"lazy\" decoding=\"async\" class=\"alignnone wp-image-2597\" style=\"font-weight: inherit;\" src=\"https:\/\/eiranordic.se\/wp-content\/uploads\/2026\/01\/5-10-225x300.jpg\" alt=\"\" width=\"451\" height=\"601\" srcset=\"https:\/\/eiranordic.se\/wp-content\/uploads\/2026\/01\/5-10-225x300.jpg 225w, https:\/\/eiranordic.se\/wp-content\/uploads\/2026\/01\/5-10-768x1024.jpg 768w, https:\/\/eiranordic.se\/wp-content\/uploads\/2026\/01\/5-10-1152x1536.jpg 1152w, https:\/\/eiranordic.se\/wp-content\/uploads\/2026\/01\/5-10-600x800.jpg 600w, https:\/\/eiranordic.se\/wp-content\/uploads\/2026\/01\/5-10.jpg 1536w\" sizes=\"auto, (max-width: 451px) 100vw, 451px\" \/><\/p>\n<p>Tillsammans skapar dessa naturmaterial en lugnande men \u00e4nd\u00e5 fokuserad energi \u2014<br \/>\nsom hj\u00e4lper b\u00e4raren att sl\u00e4ppa \u00e5ngest, stilla sinnet och \u00e5terg\u00e5 till ett tillst\u00e5nd av lugn n\u00e4rvaro och varsam koncentration.<\/p>\n<p><img loading=\"lazy\" decoding=\"async\" class=\"alignnone wp-image-2593\" src=\"https:\/\/eiranordic.se\/wp-content\/uploads\/2026\/01\/2-11-225x300.jpg\" alt=\"\" width=\"450\" height=\"600\" srcset=\"https:\/\/eiranordic.se\/wp-content\/uploads\/2026\/01\/2-11-225x300.jpg 225w, https:\/\/eiranordic.se\/wp-content\/uploads\/2026\/01\/2-11-768x1024.jpg 768w, https:\/\/eiranordic.se\/wp-content\/uploads\/2026\/01\/2-11-1152x1536.jpg 1152w, https:\/\/eiranordic.se\/wp-content\/uploads\/2026\/01\/2-11-1536x2048.jpg 1536w, https:\/\/eiranordic.se\/wp-content\/uploads\/2026\/01\/2-11-600x800.jpg 600w, https:\/\/eiranordic.se\/wp-content\/uploads\/2026\/01\/2-11-scaled.jpg 1920w\" sizes=\"auto, (max-width: 450px) 100vw, 450px\" \/><\/p>\n<p>Varje armband \u00e4r handgjort av naturmaterial, vilket g\u00f6r varje smycke helt unikt.<br \/>\nF\u00f6r personliga anpassningar eller fr\u00e5gor, v\u00e4nligen kontakta oss via WhatsApp: +46756664171.<br \/>\nDu \u00e4r ocks\u00e5 varmt v\u00e4lkommen att bes\u00f6ka v\u00e5r butik p\u00e5 K\u00f6pmangatan 22, 111 29 Stockholm.<\/p>","protected":false},"excerpt":{"rendered":"<p>Inspirerat av den unika balansen i nordisk lakrits, fr\u00e4mjar detta handgjorda armband lugn, fokus och emotionell avlastning. Skapat i Sverige med naturmaterial. F\u00f6r personliga anpassningar eller fr\u00e5gor, kontakta oss g\u00e4rna via WhatsApp: +46756664171.<\/p>","protected":false},"featured_media":2592,"comment_status":"open","ping_status":"closed","template":"","meta":{"_uag_custom_page_level_css":"","site-sidebar-layout":"default","site-content-layout":"content-boxed-container","ast-site-content-layout":"normal-width-container","site-content-style":"boxed","site-sidebar-style":"unboxed","ast-global-header-display":"","ast-banner-title-visibility":"","ast-main-header-display":"","ast-hfb-above-header-display":"","ast-hfb-below-header-display":"","ast-hfb-mobile-header-display":"","site-post-title":"","ast-breadcrumbs-content":"","ast-featured-img":"","footer-sml-layout":"","ast-disable-related-posts":"","theme-transparent-header-meta":"default","adv-header-id-meta":"","stick-header-meta":"","header-above-stick-meta":"","header-main-stick-meta":"","header-below-stick-meta":"","astra-migrate-meta-layouts":"set","ast-page-background-enabled":"default","ast-page-background-meta":{"desktop":{"background-color":"var(--ast-global-color-4)","background-image":"","background-repeat":"repeat","background-position":"center center","background-size":"auto","background-attachment":"scroll","background-type":"","background-media":"","overlay-type":"","overlay-color":"","overlay-opacity":"","overlay-gradient":""},"tablet":{"background-color":"","background-image":"","background-repeat":"repeat","background-position":"center center","background-size":"auto","background-attachment":"scroll","background-type":"","background-media":"","overlay-type":"","overlay-color":"","overlay-opacity":"","overlay-gradient":""},"mobile":{"background-color":"","background-image":"","background-repeat":"repeat","background-position":"center center","background-size":"auto","background-attachment":"scroll","background-type":"","background-media":"","overlay-type":"","overlay-color":"","overlay-opacity":"","overlay-gradient":""}},"ast-content-background-meta":{"desktop":{"background-color":"var(--ast-global-color-5)","background-image":"","background-repeat":"repeat","background-position":"center center","background-size":"auto","background-attachment":"scroll","background-type":"","background-media":"","overlay-type":"","overlay-color":"","overlay-opacity":"","overlay-gradient":""},"tablet":{"background-color":"var(--ast-global-color-5)","background-image":"","background-repeat":"repeat","background-position":"center center","background-size":"auto","background-attachment":"scroll","background-type":"","background-media":"","overlay-type":"","overlay-color":"","overlay-opacity":"","overlay-gradient":""},"mobile":{"background-color":"var(--ast-global-color-5)","background-image":"","background-repeat":"repeat","background-position":"center center","background-size":"auto","background-attachment":"scroll","background-type":"","background-media":"","overlay-type":"","overlay-color":"","overlay-opacity":"","overlay-gradient":""}}},"product_brand":[],"product_cat":[29],"product_tag":[],"class_list":{"0":"post-365","1":"product","2":"type-product","3":"status-publish","4":"has-post-thumbnail","6":"product_cat-gemstone-bracelet","7":"desktop-align-left","8":"tablet-align-left","9":"mobile-align-left","11":"first","12":"instock","13":"taxable","14":"shipping-taxable","15":"purchasable","16":"product-type-variable"},"aioseo_notices":[],"uagb_featured_image_src":{"full":["https:\/\/eiranordic.se\/wp-content\/uploads\/2026\/01\/1-12-scaled.jpg",1920,2560,false],"thumbnail":["https:\/\/eiranordic.se\/wp-content\/uploads\/2026\/01\/1-12-150x150.jpg",150,150,true],"medium":["https:\/\/eiranordic.se\/wp-content\/uploads\/2026\/01\/1-12-225x300.jpg",225,300,true],"medium_large":["https:\/\/eiranordic.se\/wp-content\/uploads\/2026\/01\/1-12-768x1024.jpg",768,1024,true],"large":["https:\/\/eiranordic.se\/wp-content\/uploads\/2026\/01\/1-12-768x1024.jpg",768,1024,true],"1536x1536":["https:\/\/eiranordic.se\/wp-content\/uploads\/2026\/01\/1-12-1152x1536.jpg",1152,1536,true],"2048x2048":["https:\/\/eiranordic.se\/wp-content\/uploads\/2026\/01\/1-12-1536x2048.jpg",1536,2048,true],"trp-custom-language-flag":["https:\/\/eiranordic.se\/wp-content\/uploads\/2026\/01\/1-12-scaled.jpg",9,12,false],"woocommerce_thumbnail":["https:\/\/eiranordic.se\/wp-content\/uploads\/2026\/01\/1-12-300x300.jpg",300,300,true],"woocommerce_single":["https:\/\/eiranordic.se\/wp-content\/uploads\/2026\/01\/1-12-600x800.jpg",600,800,true],"woocommerce_gallery_thumbnail":["https:\/\/eiranordic.se\/wp-content\/uploads\/2026\/01\/1-12-100x100.jpg",100,100,true]},"uagb_author_info":{"display_name":"alexkhun07@gmail.com","author_link":"https:\/\/eiranordic.se\/sv\/author\/"},"uagb_comment_info":0,"uagb_excerpt":"Inspired by the bittersweet balance of Nordic licorice, this handmade bracelet supports calm, focus, and emotional relief. Crafted in Sweden with natural materials. For customization or inquiries, please contact WhatsApp:+46756664171.","_links":{"self":[{"href":"https:\/\/eiranordic.se\/sv\/wp-json\/wp\/v2\/product\/365","targetHints":{"allow":["GET"]}}],"collection":[{"href":"https:\/\/eiranordic.se\/sv\/wp-json\/wp\/v2\/product"}],"about":[{"href":"https:\/\/eiranordic.se\/sv\/wp-json\/wp\/v2\/types\/product"}],"replies":[{"embeddable":true,"href":"https:\/\/eiranordic.se\/sv\/wp-json\/wp\/v2\/comments?post=365"}],"wp:featuredmedia":[{"embeddable":true,"href":"https:\/\/eiranordic.se\/sv\/wp-json\/wp\/v2\/media\/2592"}],"wp:attachment":[{"href":"https:\/\/eiranordic.se\/sv\/wp-json\/wp\/v2\/media?parent=365"}],"wp:term":[{"taxonomy":"product_brand","embeddable":true,"href":"https:\/\/eiranordic.se\/sv\/wp-json\/wp\/v2\/product_brand?post=365"},{"taxonomy":"product_cat","embeddable":true,"href":"https:\/\/eiranordic.se\/sv\/wp-json\/wp\/v2\/product_cat?post=365"},{"taxonomy":"product_tag","embeddable":true,"href":"https:\/\/eiranordic.se\/sv\/wp-json\/wp\/v2\/product_tag?post=365"}],"curies":[{"name":"wp","href":"https:\/\/api.w.org\/{rel}","templated":true}]}}