{"id":364,"date":"2026-01-04T12:37:59","date_gmt":"2026-01-04T12:37:59","guid":{"rendered":"http:\/\/eiranordic.se\/product\/hydrating-gel-oil\/"},"modified":"2026-04-07T14:44:56","modified_gmt":"2026-04-07T14:44:56","slug":"vikingspiritbracelet","status":"publish","type":"product","link":"https:\/\/eiranordic.se\/sv\/produkt\/vikingspiritbracelet\/","title":{"rendered":"Viking Spirit Armband | Kraften Inom | Souvenir fr\u00e5n Sverige"},"content":{"rendered":"<p>Viking Spirit-armbandet b\u00e4r p\u00e5 Kraften Inom \u2014<br \/>\nen energi av fokus, inre styrka och beslutsamhet.<\/p>\n<p><img loading=\"lazy\" decoding=\"async\" class=\"alignnone wp-image-2576\" src=\"https:\/\/eiranordic.se\/wp-content\/uploads\/2026\/01\/6-6-225x300.jpg\" alt=\"\" width=\"465\" height=\"620\" srcset=\"https:\/\/eiranordic.se\/wp-content\/uploads\/2026\/01\/6-6-225x300.jpg 225w, https:\/\/eiranordic.se\/wp-content\/uploads\/2026\/01\/6-6-768x1024.jpg 768w, https:\/\/eiranordic.se\/wp-content\/uploads\/2026\/01\/6-6-1152x1536.jpg 1152w, https:\/\/eiranordic.se\/wp-content\/uploads\/2026\/01\/6-6-1536x2048.jpg 1536w, https:\/\/eiranordic.se\/wp-content\/uploads\/2026\/01\/6-6-600x800.jpg 600w, https:\/\/eiranordic.se\/wp-content\/uploads\/2026\/01\/6-6-scaled.jpg 1920w\" sizes=\"auto, (max-width: 465px) 100vw, 465px\" \/><\/p>\n<p>Inspirerat av de vikingatida krigarnas anda, speglar detta armband motst\u00e5ndskraft, uth\u00e5llighet och en orubblig vilja. Vikingarna drevs inte bara av styrka, utan av en tydlig avsikt och modet att g\u00e5 fram\u00e5t \u2014 \u00e4ven \u00f6ver ok\u00e4nda hav.<\/p>\n<p><img loading=\"lazy\" decoding=\"async\" class=\"alignnone wp-image-2572\" src=\"https:\/\/eiranordic.se\/wp-content\/uploads\/2026\/01\/2-9-225x300.jpg\" alt=\"\" width=\"464\" height=\"619\" srcset=\"https:\/\/eiranordic.se\/wp-content\/uploads\/2026\/01\/2-9-225x300.jpg 225w, https:\/\/eiranordic.se\/wp-content\/uploads\/2026\/01\/2-9-768x1024.jpg 768w, https:\/\/eiranordic.se\/wp-content\/uploads\/2026\/01\/2-9-1152x1536.jpg 1152w, https:\/\/eiranordic.se\/wp-content\/uploads\/2026\/01\/2-9-1536x2048.jpg 1536w, https:\/\/eiranordic.se\/wp-content\/uploads\/2026\/01\/2-9-600x800.jpg 600w, https:\/\/eiranordic.se\/wp-content\/uploads\/2026\/01\/2-9-scaled.jpg 1920w\" sizes=\"auto, (max-width: 464px) 100vw, 464px\" \/><\/p>\n<p>Handgjort med naturlig obsidian, hematit och sandeltr\u00e4, f\u00f6rankrar detta armband sinnet och st\u00e4rker beslutsamheten.<br \/>\nObsidian grundar energif\u00e4ltet och ger b\u00e5de skydd och fokus.<br \/>\nHematit f\u00f6rst\u00e4rker beslutsamhet, disciplin och genomf\u00f6randekraft.<br \/>\nSandeltr\u00e4 lugnar sinnet och l\u00e5ter klarhet och n\u00e4rvaro v\u00e4gleda varje handling.<\/p>\n<p><img loading=\"lazy\" decoding=\"async\" class=\"alignnone wp-image-2573\" src=\"https:\/\/eiranordic.se\/wp-content\/uploads\/2026\/01\/3-10-225x300.jpg\" alt=\"\" width=\"463\" height=\"617\" srcset=\"https:\/\/eiranordic.se\/wp-content\/uploads\/2026\/01\/3-10-225x300.jpg 225w, https:\/\/eiranordic.se\/wp-content\/uploads\/2026\/01\/3-10-768x1024.jpg 768w, https:\/\/eiranordic.se\/wp-content\/uploads\/2026\/01\/3-10-1152x1536.jpg 1152w, https:\/\/eiranordic.se\/wp-content\/uploads\/2026\/01\/3-10-1536x2048.jpg 1536w, https:\/\/eiranordic.se\/wp-content\/uploads\/2026\/01\/3-10-600x800.jpg 600w, https:\/\/eiranordic.se\/wp-content\/uploads\/2026\/01\/3-10-scaled.jpg 1920w\" sizes=\"auto, (max-width: 463px) 100vw, 463px\" \/><\/p>\n<p>Tillsammans skapar dessa material en stadig, centrerad kraft \u2014 som v\u00e4cker fokus inifr\u00e5n och f\u00f6rvandlar avsikt till handling, helt utan rastl\u00f6shet eller \u00f6verfl\u00f6d.<\/p>\n<p><img loading=\"lazy\" decoding=\"async\" class=\"alignnone wp-image-2577\" src=\"https:\/\/eiranordic.se\/wp-content\/uploads\/2026\/01\/\u5fae\u4fe1\u56fe\u7247_20260111200306_543_89-225x300.jpg\" alt=\"\" width=\"463\" height=\"617\" srcset=\"https:\/\/eiranordic.se\/wp-content\/uploads\/2026\/01\/\u5fae\u4fe1\u56fe\u7247_20260111200306_543_89-225x300.jpg 225w, https:\/\/eiranordic.se\/wp-content\/uploads\/2026\/01\/\u5fae\u4fe1\u56fe\u7247_20260111200306_543_89-768x1024.jpg 768w, https:\/\/eiranordic.se\/wp-content\/uploads\/2026\/01\/\u5fae\u4fe1\u56fe\u7247_20260111200306_543_89-1152x1536.jpg 1152w, https:\/\/eiranordic.se\/wp-content\/uploads\/2026\/01\/\u5fae\u4fe1\u56fe\u7247_20260111200306_543_89-600x800.jpg 600w, https:\/\/eiranordic.se\/wp-content\/uploads\/2026\/01\/\u5fae\u4fe1\u56fe\u7247_20260111200306_543_89.jpg 1536w\" sizes=\"auto, (max-width: 463px) 100vw, 463px\" \/><\/p>\n<p>Varje armband \u00e4r handgjort av naturmaterial, vilket g\u00f6r varje smycke helt unikt.<br \/>\nF\u00f6r personliga anpassningar eller fr\u00e5gor, v\u00e4nligen kontakta oss via WhatsApp: +46756664171.<br \/>\nDu \u00e4r ocks\u00e5 varmt v\u00e4lkommen att bes\u00f6ka v\u00e5r butik p\u00e5 K\u00f6pmangatan 22, 111 29 Stockholm.<\/p>","protected":false},"excerpt":{"rendered":"<p>Inspirerat av den vikingatida krigarandan, symboliserar detta handgjorda armband fokus, inre styrka och beslutsamhet. Skapat i Sverige med naturmaterial. F\u00f6r personliga anpassningar eller fr\u00e5gor, kontakta oss g\u00e4rna via WhatsApp: +46756664171.<\/p>","protected":false},"featured_media":2571,"comment_status":"open","ping_status":"closed","template":"","meta":{"_uag_custom_page_level_css":"","site-sidebar-layout":"default","site-content-layout":"content-boxed-container","ast-site-content-layout":"normal-width-container","site-content-style":"boxed","site-sidebar-style":"unboxed","ast-global-header-display":"","ast-banner-title-visibility":"","ast-main-header-display":"","ast-hfb-above-header-display":"","ast-hfb-below-header-display":"","ast-hfb-mobile-header-display":"","site-post-title":"","ast-breadcrumbs-content":"","ast-featured-img":"","footer-sml-layout":"","ast-disable-related-posts":"","theme-transparent-header-meta":"default","adv-header-id-meta":"","stick-header-meta":"","header-above-stick-meta":"","header-main-stick-meta":"","header-below-stick-meta":"","astra-migrate-meta-layouts":"set","ast-page-background-enabled":"default","ast-page-background-meta":{"desktop":{"background-color":"var(--ast-global-color-4)","background-image":"","background-repeat":"repeat","background-position":"center center","background-size":"auto","background-attachment":"scroll","background-type":"","background-media":"","overlay-type":"","overlay-color":"","overlay-opacity":"","overlay-gradient":""},"tablet":{"background-color":"","background-image":"","background-repeat":"repeat","background-position":"center center","background-size":"auto","background-attachment":"scroll","background-type":"","background-media":"","overlay-type":"","overlay-color":"","overlay-opacity":"","overlay-gradient":""},"mobile":{"background-color":"","background-image":"","background-repeat":"repeat","background-position":"center center","background-size":"auto","background-attachment":"scroll","background-type":"","background-media":"","overlay-type":"","overlay-color":"","overlay-opacity":"","overlay-gradient":""}},"ast-content-background-meta":{"desktop":{"background-color":"var(--ast-global-color-5)","background-image":"","background-repeat":"repeat","background-position":"center center","background-size":"auto","background-attachment":"scroll","background-type":"","background-media":"","overlay-type":"","overlay-color":"","overlay-opacity":"","overlay-gradient":""},"tablet":{"background-color":"var(--ast-global-color-5)","background-image":"","background-repeat":"repeat","background-position":"center center","background-size":"auto","background-attachment":"scroll","background-type":"","background-media":"","overlay-type":"","overlay-color":"","overlay-opacity":"","overlay-gradient":""},"mobile":{"background-color":"var(--ast-global-color-5)","background-image":"","background-repeat":"repeat","background-position":"center center","background-size":"auto","background-attachment":"scroll","background-type":"","background-media":"","overlay-type":"","overlay-color":"","overlay-opacity":"","overlay-gradient":""}}},"product_brand":[],"product_cat":[29],"product_tag":[],"class_list":{"0":"post-364","1":"product","2":"type-product","3":"status-publish","4":"has-post-thumbnail","6":"product_cat-gemstone-bracelet","7":"desktop-align-left","8":"tablet-align-left","9":"mobile-align-left","11":"first","12":"instock","13":"taxable","14":"shipping-taxable","15":"purchasable","16":"product-type-variable"},"aioseo_notices":[],"uagb_featured_image_src":{"full":["https:\/\/eiranordic.se\/wp-content\/uploads\/2026\/01\/1-8-scaled.jpg",1920,2560,false],"thumbnail":["https:\/\/eiranordic.se\/wp-content\/uploads\/2026\/01\/1-8-150x150.jpg",150,150,true],"medium":["https:\/\/eiranordic.se\/wp-content\/uploads\/2026\/01\/1-8-225x300.jpg",225,300,true],"medium_large":["https:\/\/eiranordic.se\/wp-content\/uploads\/2026\/01\/1-8-768x1024.jpg",768,1024,true],"large":["https:\/\/eiranordic.se\/wp-content\/uploads\/2026\/01\/1-8-768x1024.jpg",768,1024,true],"1536x1536":["https:\/\/eiranordic.se\/wp-content\/uploads\/2026\/01\/1-8-1152x1536.jpg",1152,1536,true],"2048x2048":["https:\/\/eiranordic.se\/wp-content\/uploads\/2026\/01\/1-8-1536x2048.jpg",1536,2048,true],"trp-custom-language-flag":["https:\/\/eiranordic.se\/wp-content\/uploads\/2026\/01\/1-8-scaled.jpg",9,12,false],"woocommerce_thumbnail":["https:\/\/eiranordic.se\/wp-content\/uploads\/2026\/01\/1-8-300x300.jpg",300,300,true],"woocommerce_single":["https:\/\/eiranordic.se\/wp-content\/uploads\/2026\/01\/1-8-600x800.jpg",600,800,true],"woocommerce_gallery_thumbnail":["https:\/\/eiranordic.se\/wp-content\/uploads\/2026\/01\/1-8-100x100.jpg",100,100,true]},"uagb_author_info":{"display_name":"alexkhun07@gmail.com","author_link":"https:\/\/eiranordic.se\/sv\/author\/"},"uagb_comment_info":10,"uagb_excerpt":"Inspired by the Viking warrior spirit, this handmade bracelet symbolizes focus, inner strength, and decisive action. Crafted in Sweden with natural materials. For customization or inquiries, please contact WhatsApp:+46756664171.","_links":{"self":[{"href":"https:\/\/eiranordic.se\/sv\/wp-json\/wp\/v2\/product\/364","targetHints":{"allow":["GET"]}}],"collection":[{"href":"https:\/\/eiranordic.se\/sv\/wp-json\/wp\/v2\/product"}],"about":[{"href":"https:\/\/eiranordic.se\/sv\/wp-json\/wp\/v2\/types\/product"}],"replies":[{"embeddable":true,"href":"https:\/\/eiranordic.se\/sv\/wp-json\/wp\/v2\/comments?post=364"}],"wp:featuredmedia":[{"embeddable":true,"href":"https:\/\/eiranordic.se\/sv\/wp-json\/wp\/v2\/media\/2571"}],"wp:attachment":[{"href":"https:\/\/eiranordic.se\/sv\/wp-json\/wp\/v2\/media?parent=364"}],"wp:term":[{"taxonomy":"product_brand","embeddable":true,"href":"https:\/\/eiranordic.se\/sv\/wp-json\/wp\/v2\/product_brand?post=364"},{"taxonomy":"product_cat","embeddable":true,"href":"https:\/\/eiranordic.se\/sv\/wp-json\/wp\/v2\/product_cat?post=364"},{"taxonomy":"product_tag","embeddable":true,"href":"https:\/\/eiranordic.se\/sv\/wp-json\/wp\/v2\/product_tag?post=364"}],"curies":[{"name":"wp","href":"https:\/\/api.w.org\/{rel}","templated":true}]}}