{"id":363,"date":"2026-01-04T12:37:59","date_gmt":"2026-01-04T12:37:59","guid":{"rendered":"http:\/\/eiranordic.se\/product\/cleanser-concentrate\/"},"modified":"2026-04-13T02:20:08","modified_gmt":"2026-04-13T02:20:08","slug":"luciabracelet","status":"publish","type":"product","link":"https:\/\/eiranordic.se\/sv\/produkt\/luciabracelet\/","title":{"rendered":"Lucia Armband | Ljusets Hopp | Souvenir fr\u00e5n Sverige"},"content":{"rendered":"<p>Lucia-armbandet b\u00e4r p\u00e5 Ljusets Hopp \u2014<br \/>\nen mjuk men \u00e4nd\u00e5 upplyftande energi av f\u00f6rnyelse, positivism och inre tillit.<\/p>\n<p><img loading=\"lazy\" decoding=\"async\" class=\"alignnone wp-image-2564\" src=\"https:\/\/eiranordic.se\/wp-content\/uploads\/2026\/01\/3-8-225x300.jpg\" alt=\"\" width=\"491\" height=\"655\" srcset=\"https:\/\/eiranordic.se\/wp-content\/uploads\/2026\/01\/3-8-225x300.jpg 225w, https:\/\/eiranordic.se\/wp-content\/uploads\/2026\/01\/3-8-768x1024.jpg 768w, https:\/\/eiranordic.se\/wp-content\/uploads\/2026\/01\/3-8-1152x1536.jpg 1152w, https:\/\/eiranordic.se\/wp-content\/uploads\/2026\/01\/3-8-1536x2048.jpg 1536w, https:\/\/eiranordic.se\/wp-content\/uploads\/2026\/01\/3-8-600x800.jpg 600w, https:\/\/eiranordic.se\/wp-content\/uploads\/2026\/01\/3-8-scaled.jpg 1920w\" sizes=\"auto, (max-width: 491px) 100vw, 491px\" \/><\/p>\n<p>Inspirerat av Lucia, Sveriges \u00e4lskade ljush\u00f6gtid i den m\u00f6rkaste av \u00e5rstider, speglar detta armband en tradition d\u00e4r levande ljus gl\u00f6der mot vinternatten och p\u00e5minner oss om att hoppet tyst \u00e5terv\u00e4nder, \u00e4ven i tider av stillhet och os\u00e4kerhet.<\/p>\n<p><img loading=\"lazy\" decoding=\"async\" class=\"alignnone wp-image-2563\" src=\"https:\/\/eiranordic.se\/wp-content\/uploads\/2026\/01\/2-7-225x300.jpg\" alt=\"\" width=\"488\" height=\"651\" srcset=\"https:\/\/eiranordic.se\/wp-content\/uploads\/2026\/01\/2-7-225x300.jpg 225w, https:\/\/eiranordic.se\/wp-content\/uploads\/2026\/01\/2-7-768x1024.jpg 768w, https:\/\/eiranordic.se\/wp-content\/uploads\/2026\/01\/2-7-1152x1536.jpg 1152w, https:\/\/eiranordic.se\/wp-content\/uploads\/2026\/01\/2-7-1536x2048.jpg 1536w, https:\/\/eiranordic.se\/wp-content\/uploads\/2026\/01\/2-7-600x800.jpg 600w, https:\/\/eiranordic.se\/wp-content\/uploads\/2026\/01\/2-7-scaled.jpg 1920w\" sizes=\"auto, (max-width: 488px) 100vw, 488px\" \/><\/p>\n<p>Handgjort med naturlig vit sn\u00e4cka, r\u00f6d korallblomma, bergkristall och citrin, balanserar detta armband mjukhet med vitalitet.<br \/>\nVit sn\u00e4cka sk\u00e4nker ett lugn, helande energi och k\u00e4nslom\u00e4ssig tr\u00f6st.<\/p>\n<p><img loading=\"lazy\" decoding=\"async\" class=\"alignnone wp-image-2569\" src=\"https:\/\/eiranordic.se\/wp-content\/uploads\/2026\/01\/5-7-225x300.jpg\" alt=\"\" width=\"488\" height=\"651\" srcset=\"https:\/\/eiranordic.se\/wp-content\/uploads\/2026\/01\/5-7-225x300.jpg 225w, https:\/\/eiranordic.se\/wp-content\/uploads\/2026\/01\/5-7-768x1024.jpg 768w, https:\/\/eiranordic.se\/wp-content\/uploads\/2026\/01\/5-7-1152x1536.jpg 1152w, https:\/\/eiranordic.se\/wp-content\/uploads\/2026\/01\/5-7-1536x2048.jpg 1536w, https:\/\/eiranordic.se\/wp-content\/uploads\/2026\/01\/5-7-600x800.jpg 600w, https:\/\/eiranordic.se\/wp-content\/uploads\/2026\/01\/5-7-scaled.jpg 1920w\" sizes=\"auto, (max-width: 488px) 100vw, 488px\" \/><br \/>\nR\u00f6d korallblomma tillf\u00f6r v\u00e4rme och mild styrka, som v\u00e4cker livskraft och motst\u00e5ndskraft.<br \/>\nBergkristall renar sinnet och \u00e5terst\u00e4ller klarheten.<br \/>\nCitrin ger gl\u00e4dje, optimism och motivation \u2014 och uppmuntrar hj\u00e4rtat att g\u00e5 fram\u00e5t.<\/p>\n<p><img loading=\"lazy\" decoding=\"async\" class=\"alignnone wp-image-2570\" src=\"https:\/\/eiranordic.se\/wp-content\/uploads\/2026\/01\/6-5-225x300.jpg\" alt=\"\" width=\"487\" height=\"649\" srcset=\"https:\/\/eiranordic.se\/wp-content\/uploads\/2026\/01\/6-5-225x300.jpg 225w, https:\/\/eiranordic.se\/wp-content\/uploads\/2026\/01\/6-5-768x1024.jpg 768w, https:\/\/eiranordic.se\/wp-content\/uploads\/2026\/01\/6-5-1152x1536.jpg 1152w, https:\/\/eiranordic.se\/wp-content\/uploads\/2026\/01\/6-5-1536x2048.jpg 1536w, https:\/\/eiranordic.se\/wp-content\/uploads\/2026\/01\/6-5-600x800.jpg 600w, https:\/\/eiranordic.se\/wp-content\/uploads\/2026\/01\/6-5-scaled.jpg 1920w\" sizes=\"auto, (max-width: 487px) 100vw, 487px\" \/><\/p>\n<p>Together, these stones form a luminous harmony \u2014 guiding the wearer out of heaviness, rekindling inner light, and gently restoring faith, like a candle that continues to glow through winter darkness.<\/p>\n<p><img loading=\"lazy\" decoding=\"async\" class=\"alignnone wp-image-2568\" src=\"https:\/\/eiranordic.se\/wp-content\/uploads\/2026\/01\/4-7-225x300.jpg\" alt=\"\" width=\"488\" height=\"651\" srcset=\"https:\/\/eiranordic.se\/wp-content\/uploads\/2026\/01\/4-7-225x300.jpg 225w, https:\/\/eiranordic.se\/wp-content\/uploads\/2026\/01\/4-7-768x1024.jpg 768w, https:\/\/eiranordic.se\/wp-content\/uploads\/2026\/01\/4-7-1152x1536.jpg 1152w, https:\/\/eiranordic.se\/wp-content\/uploads\/2026\/01\/4-7-1536x2048.jpg 1536w, https:\/\/eiranordic.se\/wp-content\/uploads\/2026\/01\/4-7-600x800.jpg 600w, https:\/\/eiranordic.se\/wp-content\/uploads\/2026\/01\/4-7-scaled.jpg 1920w\" sizes=\"auto, (max-width: 488px) 100vw, 488px\" \/><\/p>\n<p>Varje armband \u00e4r handgjort av naturstenar, vilket g\u00f6r varje smycke helt unikt.<br \/>\nF\u00f6r personliga anpassningar eller fr\u00e5gor, v\u00e4nligen kontakta oss via WhatsApp: +46756664171.<br \/>\nDu \u00e4r ocks\u00e5 varmt v\u00e4lkommen att bes\u00f6ka v\u00e5r butik p\u00e5 K\u00f6pmangatan 22, 111 29 Stockholm.<\/p>","protected":false},"excerpt":{"rendered":"<p>Inspirerat av det svenska luciafirandet, symboliserar detta handgjorda armband hopp, f\u00f6rnyelse och positivism. Skapat i Sverige med omsorgsfullt utvalda naturstenar. F\u00f6r personliga anpassningar eller fr\u00e5gor, kontakta oss g\u00e4rna via WhatsApp: +46756664171.<\/p>","protected":false},"featured_media":2562,"comment_status":"open","ping_status":"closed","template":"","meta":{"_uag_custom_page_level_css":"","site-sidebar-layout":"default","site-content-layout":"content-boxed-container","ast-site-content-layout":"normal-width-container","site-content-style":"boxed","site-sidebar-style":"unboxed","ast-global-header-display":"","ast-banner-title-visibility":"","ast-main-header-display":"","ast-hfb-above-header-display":"","ast-hfb-below-header-display":"","ast-hfb-mobile-header-display":"","site-post-title":"","ast-breadcrumbs-content":"","ast-featured-img":"","footer-sml-layout":"","ast-disable-related-posts":"","theme-transparent-header-meta":"default","adv-header-id-meta":"","stick-header-meta":"","header-above-stick-meta":"","header-main-stick-meta":"","header-below-stick-meta":"","astra-migrate-meta-layouts":"set","ast-page-background-enabled":"default","ast-page-background-meta":{"desktop":{"background-color":"var(--ast-global-color-4)","background-image":"","background-repeat":"repeat","background-position":"center center","background-size":"auto","background-attachment":"scroll","background-type":"","background-media":"","overlay-type":"","overlay-color":"","overlay-opacity":"","overlay-gradient":""},"tablet":{"background-color":"","background-image":"","background-repeat":"repeat","background-position":"center center","background-size":"auto","background-attachment":"scroll","background-type":"","background-media":"","overlay-type":"","overlay-color":"","overlay-opacity":"","overlay-gradient":""},"mobile":{"background-color":"","background-image":"","background-repeat":"repeat","background-position":"center center","background-size":"auto","background-attachment":"scroll","background-type":"","background-media":"","overlay-type":"","overlay-color":"","overlay-opacity":"","overlay-gradient":""}},"ast-content-background-meta":{"desktop":{"background-color":"var(--ast-global-color-5)","background-image":"","background-repeat":"repeat","background-position":"center center","background-size":"auto","background-attachment":"scroll","background-type":"","background-media":"","overlay-type":"","overlay-color":"","overlay-opacity":"","overlay-gradient":""},"tablet":{"background-color":"var(--ast-global-color-5)","background-image":"","background-repeat":"repeat","background-position":"center center","background-size":"auto","background-attachment":"scroll","background-type":"","background-media":"","overlay-type":"","overlay-color":"","overlay-opacity":"","overlay-gradient":""},"mobile":{"background-color":"var(--ast-global-color-5)","background-image":"","background-repeat":"repeat","background-position":"center center","background-size":"auto","background-attachment":"scroll","background-type":"","background-media":"","overlay-type":"","overlay-color":"","overlay-opacity":"","overlay-gradient":""}}},"product_brand":[],"product_cat":[29],"product_tag":[],"class_list":{"0":"post-363","1":"product","2":"type-product","3":"status-publish","4":"has-post-thumbnail","6":"product_cat-gemstone-bracelet","7":"desktop-align-left","8":"tablet-align-left","9":"mobile-align-left","11":"first","12":"instock","13":"taxable","14":"shipping-taxable","15":"purchasable","16":"product-type-variable"},"aioseo_notices":[],"uagb_featured_image_src":{"full":["https:\/\/eiranordic.se\/wp-content\/uploads\/2026\/01\/1-6-scaled.jpg",1920,2560,false],"thumbnail":["https:\/\/eiranordic.se\/wp-content\/uploads\/2026\/01\/1-6-150x150.jpg",150,150,true],"medium":["https:\/\/eiranordic.se\/wp-content\/uploads\/2026\/01\/1-6-225x300.jpg",225,300,true],"medium_large":["https:\/\/eiranordic.se\/wp-content\/uploads\/2026\/01\/1-6-768x1024.jpg",768,1024,true],"large":["https:\/\/eiranordic.se\/wp-content\/uploads\/2026\/01\/1-6-768x1024.jpg",768,1024,true],"1536x1536":["https:\/\/eiranordic.se\/wp-content\/uploads\/2026\/01\/1-6-1152x1536.jpg",1152,1536,true],"2048x2048":["https:\/\/eiranordic.se\/wp-content\/uploads\/2026\/01\/1-6-1536x2048.jpg",1536,2048,true],"trp-custom-language-flag":["https:\/\/eiranordic.se\/wp-content\/uploads\/2026\/01\/1-6-scaled.jpg",9,12,false],"woocommerce_thumbnail":["https:\/\/eiranordic.se\/wp-content\/uploads\/2026\/01\/1-6-300x300.jpg",300,300,true],"woocommerce_single":["https:\/\/eiranordic.se\/wp-content\/uploads\/2026\/01\/1-6-600x800.jpg",600,800,true],"woocommerce_gallery_thumbnail":["https:\/\/eiranordic.se\/wp-content\/uploads\/2026\/01\/1-6-100x100.jpg",100,100,true]},"uagb_author_info":{"display_name":"alexkhun07@gmail.com","author_link":"https:\/\/eiranordic.se\/sv\/author\/"},"uagb_comment_info":4,"uagb_excerpt":"Inspired by Sweden\u2019s Lucia celebration, this handmade bracelet symbolizes hope, renewal, and positivity. Crafted in Sweden with carefully selected natural stones. For customization or inquiries, please contact WhatsApp:+46756664171.","_links":{"self":[{"href":"https:\/\/eiranordic.se\/sv\/wp-json\/wp\/v2\/product\/363","targetHints":{"allow":["GET"]}}],"collection":[{"href":"https:\/\/eiranordic.se\/sv\/wp-json\/wp\/v2\/product"}],"about":[{"href":"https:\/\/eiranordic.se\/sv\/wp-json\/wp\/v2\/types\/product"}],"replies":[{"embeddable":true,"href":"https:\/\/eiranordic.se\/sv\/wp-json\/wp\/v2\/comments?post=363"}],"wp:featuredmedia":[{"embeddable":true,"href":"https:\/\/eiranordic.se\/sv\/wp-json\/wp\/v2\/media\/2562"}],"wp:attachment":[{"href":"https:\/\/eiranordic.se\/sv\/wp-json\/wp\/v2\/media?parent=363"}],"wp:term":[{"taxonomy":"product_brand","embeddable":true,"href":"https:\/\/eiranordic.se\/sv\/wp-json\/wp\/v2\/product_brand?post=363"},{"taxonomy":"product_cat","embeddable":true,"href":"https:\/\/eiranordic.se\/sv\/wp-json\/wp\/v2\/product_cat?post=363"},{"taxonomy":"product_tag","embeddable":true,"href":"https:\/\/eiranordic.se\/sv\/wp-json\/wp\/v2\/product_tag?post=363"}],"curies":[{"name":"wp","href":"https:\/\/api.w.org\/{rel}","templated":true}]}}