{"id":362,"date":"2026-01-04T12:37:59","date_gmt":"2026-01-04T12:37:59","guid":{"rendered":"http:\/\/eiranordic.se\/product\/antiaging-skin-oil\/"},"modified":"2026-04-13T02:17:06","modified_gmt":"2026-04-13T02:17:06","slug":"cinnamonbunbracelet","status":"publish","type":"product","link":"https:\/\/eiranordic.se\/sv\/produkt\/cinnamonbunbracelet\/","title":{"rendered":"Kanelbulle-armband | V\u00e4rme och Trygghet | Souvenir fr\u00e5n Sverige"},"content":{"rendered":"<p>Kanelbulle-armbandet b\u00e4r p\u00e5 energin av V\u00e4rme och Trygghet \u2014<br \/>\nen k\u00e4nsla av trygghet, avslappning och k\u00e4nslom\u00e4ssig balans.<\/p>\n<p><img loading=\"lazy\" decoding=\"async\" class=\"alignnone wp-image-2538\" src=\"https:\/\/eiranordic.se\/wp-content\/uploads\/2026\/01\/5-5-225x300.jpg\" alt=\"\" width=\"459\" height=\"612\" srcset=\"https:\/\/eiranordic.se\/wp-content\/uploads\/2026\/01\/5-5-225x300.jpg 225w, https:\/\/eiranordic.se\/wp-content\/uploads\/2026\/01\/5-5-768x1024.jpg 768w, https:\/\/eiranordic.se\/wp-content\/uploads\/2026\/01\/5-5-1152x1536.jpg 1152w, https:\/\/eiranordic.se\/wp-content\/uploads\/2026\/01\/5-5-1536x2048.jpg 1536w, https:\/\/eiranordic.se\/wp-content\/uploads\/2026\/01\/5-5-600x800.jpg 600w, https:\/\/eiranordic.se\/wp-content\/uploads\/2026\/01\/5-5-scaled.jpg 1920w\" sizes=\"auto, (max-width: 459px) 100vw, 459px\" \/><\/p>\n<p>Inspirerat av de mysiga stunderna i nordiska hem, speglar detta armband k\u00e4nslan av att vara omfamnad av v\u00e4rme \u2014 doften av nybakade kanelbullar, l\u00e5gm\u00e4lda samtal och de gemensamma pauserna som ger vardagen lugn. Det \u00e4r en symbol f\u00f6r hemmet, omsorg och en varsam trygghet under stunder av oro.<\/p>\n<p><img loading=\"lazy\" decoding=\"async\" class=\"alignnone wp-image-2535\" src=\"https:\/\/eiranordic.se\/wp-content\/uploads\/2026\/01\/2-5-225x300.jpg\" alt=\"\" width=\"458\" height=\"611\" srcset=\"https:\/\/eiranordic.se\/wp-content\/uploads\/2026\/01\/2-5-225x300.jpg 225w, https:\/\/eiranordic.se\/wp-content\/uploads\/2026\/01\/2-5-768x1024.jpg 768w, https:\/\/eiranordic.se\/wp-content\/uploads\/2026\/01\/2-5-1152x1536.jpg 1152w, https:\/\/eiranordic.se\/wp-content\/uploads\/2026\/01\/2-5-1536x2048.jpg 1536w, https:\/\/eiranordic.se\/wp-content\/uploads\/2026\/01\/2-5-600x800.jpg 600w, https:\/\/eiranordic.se\/wp-content\/uploads\/2026\/01\/2-5-scaled.jpg 1920w\" sizes=\"auto, (max-width: 458px) 100vw, 458px\" \/><\/p>\n<p>Handgjort med naturlig tiger\u00f6ga, agat och spessartin (orange granat), erbjuder detta armband en grundande och lugnande energi.<br \/>\nTiger\u00f6ga ger en k\u00e4nsla av s\u00e4kerhet och inre stabilitet.<br \/>\nAgat d\u00e4mpar emotionell press och uppmuntrar till en lugn balans.<br \/>\nSpessartin v\u00e4cker positiv och n\u00e4rande energi \u2014 som varsamt lyfter hum\u00f6ret och \u00e5terst\u00e4ller k\u00e4nslom\u00e4ssig v\u00e4rme.<\/p>\n<p><img loading=\"lazy\" decoding=\"async\" class=\"alignnone wp-image-2537\" src=\"https:\/\/eiranordic.se\/wp-content\/uploads\/2026\/01\/4-5-225x300.jpg\" alt=\"\" width=\"458\" height=\"611\" srcset=\"https:\/\/eiranordic.se\/wp-content\/uploads\/2026\/01\/4-5-225x300.jpg 225w, https:\/\/eiranordic.se\/wp-content\/uploads\/2026\/01\/4-5-768x1024.jpg 768w, https:\/\/eiranordic.se\/wp-content\/uploads\/2026\/01\/4-5-1152x1536.jpg 1152w, https:\/\/eiranordic.se\/wp-content\/uploads\/2026\/01\/4-5-1536x2048.jpg 1536w, https:\/\/eiranordic.se\/wp-content\/uploads\/2026\/01\/4-5-600x800.jpg 600w, https:\/\/eiranordic.se\/wp-content\/uploads\/2026\/01\/4-5-scaled.jpg 1920w\" sizes=\"auto, (max-width: 458px) 100vw, 458px\" \/><\/p>\n<p>Tillsammans skapar dessa stenar en tr\u00f6stande n\u00e4rvaro \u2014 som hj\u00e4lper b\u00e4raren att k\u00e4nna sig omfamnad, st\u00f6ttad och trygg, \u00e4ven under os\u00e4kra eller stressiga stunder.<\/p>\n<p><img loading=\"lazy\" decoding=\"async\" class=\"alignnone wp-image-2539\" src=\"https:\/\/eiranordic.se\/wp-content\/uploads\/2026\/01\/6-3-225x300.jpg\" alt=\"\" width=\"458\" height=\"611\" srcset=\"https:\/\/eiranordic.se\/wp-content\/uploads\/2026\/01\/6-3-225x300.jpg 225w, https:\/\/eiranordic.se\/wp-content\/uploads\/2026\/01\/6-3-768x1024.jpg 768w, https:\/\/eiranordic.se\/wp-content\/uploads\/2026\/01\/6-3-1152x1536.jpg 1152w, https:\/\/eiranordic.se\/wp-content\/uploads\/2026\/01\/6-3-1536x2048.jpg 1536w, https:\/\/eiranordic.se\/wp-content\/uploads\/2026\/01\/6-3-600x800.jpg 600w, https:\/\/eiranordic.se\/wp-content\/uploads\/2026\/01\/6-3-scaled.jpg 1920w\" sizes=\"auto, (max-width: 458px) 100vw, 458px\" \/><\/p>\n<p>Varje armband \u00e4r handgjort av naturstenar, vilket g\u00f6r varje smycke helt unikt.<\/p>\n<p>Du \u00e4r ocks\u00e5 varmt v\u00e4lkommen att bes\u00f6ka v\u00e5r butik p\u00e5 K\u00f6pmangatan 22, 111 29 Stockholm.<\/p>","protected":false},"excerpt":{"rendered":"<p>Inspirerat av mysiga nordiska hemstunder, symboliserar detta handgjorda armband komfort, v\u00e4rme och k\u00e4nslom\u00e4ssig balans. Skapat i Sverige med omsorgsfullt utvalda naturstenar. F\u00f6r personliga anpassningar eller fr\u00e5gor, kontakta oss g\u00e4rna via WhatsApp: +46756664171.<\/p>","protected":false},"featured_media":2540,"comment_status":"open","ping_status":"closed","template":"","meta":{"_uag_custom_page_level_css":"","site-sidebar-layout":"default","site-content-layout":"content-boxed-container","ast-site-content-layout":"normal-width-container","site-content-style":"boxed","site-sidebar-style":"unboxed","ast-global-header-display":"","ast-banner-title-visibility":"","ast-main-header-display":"","ast-hfb-above-header-display":"","ast-hfb-below-header-display":"","ast-hfb-mobile-header-display":"","site-post-title":"","ast-breadcrumbs-content":"","ast-featured-img":"","footer-sml-layout":"","ast-disable-related-posts":"","theme-transparent-header-meta":"default","adv-header-id-meta":"","stick-header-meta":"","header-above-stick-meta":"","header-main-stick-meta":"","header-below-stick-meta":"","astra-migrate-meta-layouts":"set","ast-page-background-enabled":"default","ast-page-background-meta":{"desktop":{"background-color":"var(--ast-global-color-4)","background-image":"","background-repeat":"repeat","background-position":"center center","background-size":"auto","background-attachment":"scroll","background-type":"","background-media":"","overlay-type":"","overlay-color":"","overlay-opacity":"","overlay-gradient":""},"tablet":{"background-color":"","background-image":"","background-repeat":"repeat","background-position":"center center","background-size":"auto","background-attachment":"scroll","background-type":"","background-media":"","overlay-type":"","overlay-color":"","overlay-opacity":"","overlay-gradient":""},"mobile":{"background-color":"","background-image":"","background-repeat":"repeat","background-position":"center center","background-size":"auto","background-attachment":"scroll","background-type":"","background-media":"","overlay-type":"","overlay-color":"","overlay-opacity":"","overlay-gradient":""}},"ast-content-background-meta":{"desktop":{"background-color":"var(--ast-global-color-5)","background-image":"","background-repeat":"repeat","background-position":"center center","background-size":"auto","background-attachment":"scroll","background-type":"","background-media":"","overlay-type":"","overlay-color":"","overlay-opacity":"","overlay-gradient":""},"tablet":{"background-color":"var(--ast-global-color-5)","background-image":"","background-repeat":"repeat","background-position":"center center","background-size":"auto","background-attachment":"scroll","background-type":"","background-media":"","overlay-type":"","overlay-color":"","overlay-opacity":"","overlay-gradient":""},"mobile":{"background-color":"var(--ast-global-color-5)","background-image":"","background-repeat":"repeat","background-position":"center center","background-size":"auto","background-attachment":"scroll","background-type":"","background-media":"","overlay-type":"","overlay-color":"","overlay-opacity":"","overlay-gradient":""}}},"product_brand":[],"product_cat":[29],"product_tag":[],"class_list":{"0":"post-362","1":"product","2":"type-product","3":"status-publish","4":"has-post-thumbnail","6":"product_cat-gemstone-bracelet","7":"desktop-align-left","8":"tablet-align-left","9":"mobile-align-left","11":"first","12":"instock","13":"taxable","14":"shipping-taxable","15":"purchasable","16":"product-type-variable"},"aioseo_notices":[],"uagb_featured_image_src":{"full":["https:\/\/eiranordic.se\/wp-content\/uploads\/2026\/01\/7.jpg",1536,2048,false],"thumbnail":["https:\/\/eiranordic.se\/wp-content\/uploads\/2026\/01\/7-150x150.jpg",150,150,true],"medium":["https:\/\/eiranordic.se\/wp-content\/uploads\/2026\/01\/7-225x300.jpg",225,300,true],"medium_large":["https:\/\/eiranordic.se\/wp-content\/uploads\/2026\/01\/7-768x1024.jpg",768,1024,true],"large":["https:\/\/eiranordic.se\/wp-content\/uploads\/2026\/01\/7-768x1024.jpg",768,1024,true],"1536x1536":["https:\/\/eiranordic.se\/wp-content\/uploads\/2026\/01\/7-1152x1536.jpg",1152,1536,true],"2048x2048":["https:\/\/eiranordic.se\/wp-content\/uploads\/2026\/01\/7.jpg",1536,2048,false],"trp-custom-language-flag":["https:\/\/eiranordic.se\/wp-content\/uploads\/2026\/01\/7.jpg",9,12,false],"woocommerce_thumbnail":["https:\/\/eiranordic.se\/wp-content\/uploads\/2026\/01\/7-300x300.jpg",300,300,true],"woocommerce_single":["https:\/\/eiranordic.se\/wp-content\/uploads\/2026\/01\/7-600x800.jpg",600,800,true],"woocommerce_gallery_thumbnail":["https:\/\/eiranordic.se\/wp-content\/uploads\/2026\/01\/7-100x100.jpg",100,100,true]},"uagb_author_info":{"display_name":"alexkhun07@gmail.com","author_link":"https:\/\/eiranordic.se\/sv\/author\/"},"uagb_comment_info":0,"uagb_excerpt":"Inspired by cozy Nordic home moments, this handmade bracelet symbolizes comfort, warmth, and emotional balance. Crafted in Sweden with carefully selected natural stones. For customization or inquiries, please contact WhatsApp:+46756664171.","_links":{"self":[{"href":"https:\/\/eiranordic.se\/sv\/wp-json\/wp\/v2\/product\/362","targetHints":{"allow":["GET"]}}],"collection":[{"href":"https:\/\/eiranordic.se\/sv\/wp-json\/wp\/v2\/product"}],"about":[{"href":"https:\/\/eiranordic.se\/sv\/wp-json\/wp\/v2\/types\/product"}],"replies":[{"embeddable":true,"href":"https:\/\/eiranordic.se\/sv\/wp-json\/wp\/v2\/comments?post=362"}],"wp:featuredmedia":[{"embeddable":true,"href":"https:\/\/eiranordic.se\/sv\/wp-json\/wp\/v2\/media\/2540"}],"wp:attachment":[{"href":"https:\/\/eiranordic.se\/sv\/wp-json\/wp\/v2\/media?parent=362"}],"wp:term":[{"taxonomy":"product_brand","embeddable":true,"href":"https:\/\/eiranordic.se\/sv\/wp-json\/wp\/v2\/product_brand?post=362"},{"taxonomy":"product_cat","embeddable":true,"href":"https:\/\/eiranordic.se\/sv\/wp-json\/wp\/v2\/product_cat?post=362"},{"taxonomy":"product_tag","embeddable":true,"href":"https:\/\/eiranordic.se\/sv\/wp-json\/wp\/v2\/product_tag?post=362"}],"curies":[{"name":"wp","href":"https:\/\/api.w.org\/{rel}","templated":true}]}}