{"id":361,"date":"2026-01-04T12:37:59","date_gmt":"2026-01-04T12:37:59","guid":{"rendered":"http:\/\/eiranordic.se\/product\/complex-sunscreen-balm\/"},"modified":"2026-04-12T10:52:10","modified_gmt":"2026-04-12T10:52:10","slug":"midsommarbracelet","status":"publish","type":"product","link":"https:\/\/eiranordic.se\/sv\/produkt\/midsommarbracelet\/","title":{"rendered":"Midsommar-armband | Livsgl\u00e4dje | Souvenir fr\u00e5n Sverige"},"content":{"rendered":"<p>Midsommar-armbandet b\u00e4r p\u00e5 sj\u00e4lva livsgl\u00e4djen \u2014<br \/>\nen energi av k\u00e4rlek, livskraft och naturlig dragningskraft.<\/p>\n<p><img loading=\"lazy\" decoding=\"async\" class=\"alignnone wp-image-2532\" src=\"https:\/\/eiranordic.se\/wp-content\/uploads\/2026\/01\/6-2-225x300.jpg\" alt=\"\" width=\"447\" height=\"596\" srcset=\"https:\/\/eiranordic.se\/wp-content\/uploads\/2026\/01\/6-2-225x300.jpg 225w, https:\/\/eiranordic.se\/wp-content\/uploads\/2026\/01\/6-2-768x1024.jpg 768w, https:\/\/eiranordic.se\/wp-content\/uploads\/2026\/01\/6-2-1152x1536.jpg 1152w, https:\/\/eiranordic.se\/wp-content\/uploads\/2026\/01\/6-2-1536x2048.jpg 1536w, https:\/\/eiranordic.se\/wp-content\/uploads\/2026\/01\/6-2-600x800.jpg 600w, https:\/\/eiranordic.se\/wp-content\/uploads\/2026\/01\/6-2-scaled.jpg 1920w\" sizes=\"auto, (max-width: 447px) 100vw, 447px\" \/><\/p>\n<p>Inspirerat av midsommar, Sveriges mest \u00e4lskade h\u00f6gtid, speglar detta armband en tid d\u00e5 ljuset n\u00e5r sin h\u00f6jdpunkt och m\u00e4nniskor samlas f\u00f6r att fira livet tillsammans. Blomsterkransar binds f\u00f6r hand, skratt fyller \u00f6ppna f\u00e4lt och gl\u00e4dje finner man i gemenskap, det ofullkomliga och i nuet.<\/p>\n<p><img loading=\"lazy\" decoding=\"async\" class=\"alignnone wp-image-2529\" src=\"https:\/\/eiranordic.se\/wp-content\/uploads\/2026\/01\/3-5-225x300.jpg\" alt=\"\" width=\"446\" height=\"595\" srcset=\"https:\/\/eiranordic.se\/wp-content\/uploads\/2026\/01\/3-5-225x300.jpg 225w, https:\/\/eiranordic.se\/wp-content\/uploads\/2026\/01\/3-5-768x1024.jpg 768w, https:\/\/eiranordic.se\/wp-content\/uploads\/2026\/01\/3-5-1152x1536.jpg 1152w, https:\/\/eiranordic.se\/wp-content\/uploads\/2026\/01\/3-5-1536x2048.jpg 1536w, https:\/\/eiranordic.se\/wp-content\/uploads\/2026\/01\/3-5-600x800.jpg 600w, https:\/\/eiranordic.se\/wp-content\/uploads\/2026\/01\/3-5-scaled.jpg 1920w\" sizes=\"auto, (max-width: 446px) 100vw, 446px\" \/><\/p>\n<p>Handgjort med naturlig bergkristall, aventurin, ametist, bl\u00e5 topas och peridot, f\u00f6rkroppsligar detta armband midsommarens levande och sprudlande anda.<br \/>\nAventurin och peridot bjuder in till tillv\u00e4xt, gl\u00e4dje och ett \u00f6verfl\u00f6d av livskraft.<br \/>\nBl\u00e5 topas fr\u00e4mjar \u00f6ppen kommunikation och ett autentiskt uttryck.<br \/>\nBergkristall och ametist h\u00f6jer den mentala klarheten och medvetenheten, vilket l\u00e5ter sj\u00e4lvf\u00f6rtroendet och det inre ljuset str\u00e5la fritt.<\/p>\n<p><img loading=\"lazy\" decoding=\"async\" class=\"alignnone wp-image-2528\" src=\"https:\/\/eiranordic.se\/wp-content\/uploads\/2026\/01\/2-4-225x300.jpg\" alt=\"\" width=\"446\" height=\"595\" srcset=\"https:\/\/eiranordic.se\/wp-content\/uploads\/2026\/01\/2-4-225x300.jpg 225w, https:\/\/eiranordic.se\/wp-content\/uploads\/2026\/01\/2-4-768x1024.jpg 768w, https:\/\/eiranordic.se\/wp-content\/uploads\/2026\/01\/2-4-1152x1536.jpg 1152w, https:\/\/eiranordic.se\/wp-content\/uploads\/2026\/01\/2-4-1536x2048.jpg 1536w, https:\/\/eiranordic.se\/wp-content\/uploads\/2026\/01\/2-4-600x800.jpg 600w, https:\/\/eiranordic.se\/wp-content\/uploads\/2026\/01\/2-4-scaled.jpg 1920w\" sizes=\"auto, (max-width: 446px) 100vw, 446px\" \/><\/p>\n<p>Tillsammans skapar dessa stenar ett harmoniskt fl\u00f6de \u2014 som hj\u00e4lper b\u00e4raren att utstr\u00e5la v\u00e4rme, attrahera positivitet och omfamna gl\u00e4dje med l\u00e4tthet och sj\u00e4lvf\u00f6rtroende, likt sommarljuset som str\u00e5lar helt utan anstr\u00e4ngning.<\/p>\n<p><img loading=\"lazy\" decoding=\"async\" class=\"alignnone wp-image-2531\" src=\"https:\/\/eiranordic.se\/wp-content\/uploads\/2026\/01\/5-4-225x300.jpg\" alt=\"\" width=\"443\" height=\"591\" srcset=\"https:\/\/eiranordic.se\/wp-content\/uploads\/2026\/01\/5-4-225x300.jpg 225w, https:\/\/eiranordic.se\/wp-content\/uploads\/2026\/01\/5-4-768x1024.jpg 768w, https:\/\/eiranordic.se\/wp-content\/uploads\/2026\/01\/5-4-1152x1536.jpg 1152w, https:\/\/eiranordic.se\/wp-content\/uploads\/2026\/01\/5-4-1536x2048.jpg 1536w, https:\/\/eiranordic.se\/wp-content\/uploads\/2026\/01\/5-4-600x800.jpg 600w, https:\/\/eiranordic.se\/wp-content\/uploads\/2026\/01\/5-4-scaled.jpg 1920w\" sizes=\"auto, (max-width: 443px) 100vw, 443px\" \/><\/p>\n<p>Varje armband \u00e4r handgjort av naturstenar, vilket g\u00f6r varje smycke helt unikt.<br \/>\nF\u00f6r personliga anpassningar eller fr\u00e5gor, v\u00e4nligen kontakta oss via WhatsApp: +46756664171.<br \/>\nDu \u00e4r ocks\u00e5 varmt v\u00e4lkommen att bes\u00f6ka v\u00e5r butik p\u00e5 K\u00f6pmangatan 22, 111 29 Stockholm.<\/p>","protected":false},"excerpt":{"rendered":"<p>Inspirerat av svensk midsommar, symboliserar detta handgjorda armband k\u00e4rlek, gl\u00e4dje och naturlig dragningskraft. Skapat i Sverige med omsorgsfullt utvalda naturstenar. F\u00f6r personliga anpassningar eller fr\u00e5gor, kontakta oss g\u00e4rna via WhatsApp: +46756664171.<\/p>","protected":false},"featured_media":2527,"comment_status":"open","ping_status":"closed","template":"","meta":{"_uag_custom_page_level_css":"","site-sidebar-layout":"default","site-content-layout":"content-boxed-container","ast-site-content-layout":"normal-width-container","site-content-style":"boxed","site-sidebar-style":"unboxed","ast-global-header-display":"","ast-banner-title-visibility":"","ast-main-header-display":"","ast-hfb-above-header-display":"","ast-hfb-below-header-display":"","ast-hfb-mobile-header-display":"","site-post-title":"","ast-breadcrumbs-content":"","ast-featured-img":"","footer-sml-layout":"","ast-disable-related-posts":"","theme-transparent-header-meta":"default","adv-header-id-meta":"","stick-header-meta":"","header-above-stick-meta":"","header-main-stick-meta":"","header-below-stick-meta":"","astra-migrate-meta-layouts":"set","ast-page-background-enabled":"default","ast-page-background-meta":{"desktop":{"background-color":"var(--ast-global-color-4)","background-image":"","background-repeat":"repeat","background-position":"center center","background-size":"auto","background-attachment":"scroll","background-type":"","background-media":"","overlay-type":"","overlay-color":"","overlay-opacity":"","overlay-gradient":""},"tablet":{"background-color":"","background-image":"","background-repeat":"repeat","background-position":"center center","background-size":"auto","background-attachment":"scroll","background-type":"","background-media":"","overlay-type":"","overlay-color":"","overlay-opacity":"","overlay-gradient":""},"mobile":{"background-color":"","background-image":"","background-repeat":"repeat","background-position":"center center","background-size":"auto","background-attachment":"scroll","background-type":"","background-media":"","overlay-type":"","overlay-color":"","overlay-opacity":"","overlay-gradient":""}},"ast-content-background-meta":{"desktop":{"background-color":"var(--ast-global-color-5)","background-image":"","background-repeat":"repeat","background-position":"center center","background-size":"auto","background-attachment":"scroll","background-type":"","background-media":"","overlay-type":"","overlay-color":"","overlay-opacity":"","overlay-gradient":""},"tablet":{"background-color":"var(--ast-global-color-5)","background-image":"","background-repeat":"repeat","background-position":"center center","background-size":"auto","background-attachment":"scroll","background-type":"","background-media":"","overlay-type":"","overlay-color":"","overlay-opacity":"","overlay-gradient":""},"mobile":{"background-color":"var(--ast-global-color-5)","background-image":"","background-repeat":"repeat","background-position":"center center","background-size":"auto","background-attachment":"scroll","background-type":"","background-media":"","overlay-type":"","overlay-color":"","overlay-opacity":"","overlay-gradient":""}}},"product_brand":[],"product_cat":[29],"product_tag":[],"class_list":{"0":"post-361","1":"product","2":"type-product","3":"status-publish","4":"has-post-thumbnail","6":"product_cat-gemstone-bracelet","7":"desktop-align-left","8":"tablet-align-left","9":"mobile-align-left","11":"first","12":"instock","13":"taxable","14":"shipping-taxable","15":"purchasable","16":"product-type-variable"},"aioseo_notices":[],"uagb_featured_image_src":{"full":["https:\/\/eiranordic.se\/wp-content\/uploads\/2026\/01\/1-3-scaled.jpg",1920,2560,false],"thumbnail":["https:\/\/eiranordic.se\/wp-content\/uploads\/2026\/01\/1-3-150x150.jpg",150,150,true],"medium":["https:\/\/eiranordic.se\/wp-content\/uploads\/2026\/01\/1-3-225x300.jpg",225,300,true],"medium_large":["https:\/\/eiranordic.se\/wp-content\/uploads\/2026\/01\/1-3-768x1024.jpg",768,1024,true],"large":["https:\/\/eiranordic.se\/wp-content\/uploads\/2026\/01\/1-3-768x1024.jpg",768,1024,true],"1536x1536":["https:\/\/eiranordic.se\/wp-content\/uploads\/2026\/01\/1-3-1152x1536.jpg",1152,1536,true],"2048x2048":["https:\/\/eiranordic.se\/wp-content\/uploads\/2026\/01\/1-3-1536x2048.jpg",1536,2048,true],"trp-custom-language-flag":["https:\/\/eiranordic.se\/wp-content\/uploads\/2026\/01\/1-3-scaled.jpg",9,12,false],"woocommerce_thumbnail":["https:\/\/eiranordic.se\/wp-content\/uploads\/2026\/01\/1-3-300x300.jpg",300,300,true],"woocommerce_single":["https:\/\/eiranordic.se\/wp-content\/uploads\/2026\/01\/1-3-600x800.jpg",600,800,true],"woocommerce_gallery_thumbnail":["https:\/\/eiranordic.se\/wp-content\/uploads\/2026\/01\/1-3-100x100.jpg",100,100,true]},"uagb_author_info":{"display_name":"alexkhun07@gmail.com","author_link":"https:\/\/eiranordic.se\/sv\/author\/"},"uagb_comment_info":0,"uagb_excerpt":"Inspired by Swedish Midsummer, this handmade bracelet symbolizes love, joy, and natural attraction. Crafted in Sweden with carefully selected natural stones. For customization or inquiries, please contact WhatsApp:+46756664171.","_links":{"self":[{"href":"https:\/\/eiranordic.se\/sv\/wp-json\/wp\/v2\/product\/361","targetHints":{"allow":["GET"]}}],"collection":[{"href":"https:\/\/eiranordic.se\/sv\/wp-json\/wp\/v2\/product"}],"about":[{"href":"https:\/\/eiranordic.se\/sv\/wp-json\/wp\/v2\/types\/product"}],"replies":[{"embeddable":true,"href":"https:\/\/eiranordic.se\/sv\/wp-json\/wp\/v2\/comments?post=361"}],"wp:featuredmedia":[{"embeddable":true,"href":"https:\/\/eiranordic.se\/sv\/wp-json\/wp\/v2\/media\/2527"}],"wp:attachment":[{"href":"https:\/\/eiranordic.se\/sv\/wp-json\/wp\/v2\/media?parent=361"}],"wp:term":[{"taxonomy":"product_brand","embeddable":true,"href":"https:\/\/eiranordic.se\/sv\/wp-json\/wp\/v2\/product_brand?post=361"},{"taxonomy":"product_cat","embeddable":true,"href":"https:\/\/eiranordic.se\/sv\/wp-json\/wp\/v2\/product_cat?post=361"},{"taxonomy":"product_tag","embeddable":true,"href":"https:\/\/eiranordic.se\/sv\/wp-json\/wp\/v2\/product_tag?post=361"}],"curies":[{"name":"wp","href":"https:\/\/api.w.org\/{rel}","templated":true}]}}