{"id":1116,"date":"2026-01-04T12:37:58","date_gmt":"2026-01-04T12:37:58","guid":{"rendered":"http:\/\/eiranordic.se\/about\/"},"modified":"2026-01-11T15:27:37","modified_gmt":"2026-01-11T15:27:37","slug":"about","status":"publish","type":"page","link":"https:\/\/eiranordic.se\/sv\/about\/","title":{"rendered":"Om oss"},"content":{"rendered":"<div class=\"wp-block-uagb-container uagb-block-ec57ae33 alignfull uagb-is-root-container\"><div class=\"uagb-container-inner-blocks-wrap\">\n<div class=\"wp-block-uagb-info-box uagb-block-4a165757 uagb-infobox__content-wrap  uagb-infobox-icon-above-title uagb-infobox-image-valign-top\"><div class=\"uagb-ifb-content\"><div class=\"uagb-ifb-title-wrap\"><h1 class=\"uagb-ifb-title\">Om oss<\/h1><\/div><p class=\"uagb-ifb-desc\">Handskapade \u00e4delstensarmband med inspiration fr\u00e5n Nordens natur, landskap och kulturarv.<\/p><div class=\"uagb-ifb-separator\"><\/div><\/div><\/div>\n<\/div><\/div>\n\n\n\n<div class=\"wp-block-uagb-container uagb-block-03926366 alignfull uagb-is-root-container\"><div class=\"uagb-container-inner-blocks-wrap\">\n<div class=\"wp-block-uagb-container uagb-block-d3634444\">\n<div class=\"wp-block-uagb-image alignleft uagb-block-bbccf630 wp-block-uagb-image--layout-default wp-block-uagb-image--effect-static wp-block-uagb-image--align-left\"><figure class=\"wp-block-uagb-image__figure\"><img decoding=\"async\" srcset=\"https:\/\/eiranordic.se\/wp-content\/uploads\/2026\/01\/\u5ba3\u4f201.jpg ,https:\/\/eiranordic.se\/wp-content\/uploads\/2026\/01\/\u5ba3\u4f201.jpg 780w, https:\/\/eiranordic.se\/wp-content\/uploads\/2026\/01\/\u5ba3\u4f201.jpg 360w\" sizes=\"auto, (max-width: 480px) 150px\" src=\"https:\/\/eiranordic.se\/wp-content\/uploads\/2026\/01\/\u5ba3\u4f201.jpg\" alt=\"\" class=\"uag-image-2487\" width=\"540\" height=\"540\" title=\"\u5ba3\u4f201\" loading=\"lazy\" role=\"img\"\/><\/figure><\/div>\n<\/div>\n\n\n\n<div class=\"wp-block-uagb-container uagb-block-4596b95e\">\n<div class=\"wp-block-uagb-advanced-heading uagb-block-755d0607\"><h6 class=\"uagb-heading-text\">From Founder<\/h6><\/div>\n\n\n\n<div class=\"wp-block-uagb-info-box uagb-block-02d384db uagb-infobox__content-wrap  uagb-infobox-icon-above-title uagb-infobox-image-valign-top\"><div class=\"uagb-ifb-content\"><div class=\"uagb-ifb-icon-wrap\"><svg xmlns=\"https:\/\/www.w3.org\/2000\/svg\" viewbox=\"0 0 448 512\"><path d=\"M96 224C84.72 224 74.05 226.3 64 229.9V224c0-35.3 28.7-64 64-64c17.67 0 32-14.33 32-32S145.7 96 128 96C57.42 96 0 153.4 0 224v96c0 53.02 42.98 96 96 96s96-42.98 96-96S149 224 96 224zM352 224c-11.28 0-21.95 2.305-32 5.879V224c0-35.3 28.7-64 64-64c17.67 0 32-14.33 32-32s-14.33-32-32-32c-70.58 0-128 57.42-128 128v96c0 53.02 42.98 96 96 96s96-42.98 96-96S405 224 352 224z\"><\/path><\/svg><\/div><div class=\"uagb-ifb-title-wrap\"><span class=\"uagb-ifb-title-prefix\">Vi tror p\u00e5 l\u00e5ngsamt skapande, naturliga material och genomt\u00e4nkt design. V\u00e5ra armband formas av \u00e5rstider, platser och ber\u00e4ttelser \u2013 skapade f\u00f6r att b\u00e4ras med eftertanke, inte f\u00f6rhastat.<\/span><p class=\"uagb-ifb-title\">karin<\/p><\/div><p class=\"uagb-ifb-desc\">Founder<\/p><div class=\"uagb-ifb-separator\"><\/div><\/div><\/div>\n\n\n\n<div class=\"wp-block-uagb-advanced-heading uagb-block-f0a0aac2\"><h6 class=\"uagb-heading-text\">Social Media<\/h6><\/div>\n\n\n\n<div class=\"wp-block-uagb-social-share uagb-social-share__outer-wrap uagb-social-share__layout-horizontal uagb-block-ca105938\">\n<div class=\"wp-block-uagb-social-share-child uagb-ss-repeater uagb-ss__wrapper uagb-block-6d45d77a\"><span class=\"uagb-ss__link\" data-href=\"https:\/\/www.facebook.com\/sharer.php?u=\" tabindex=\"0\" role=\"button\" aria-label=\"facebook\"><span class=\"uagb-ss__source-wrap\"><span class=\"uagb-ss__source-icon\"><svg xmlns=\"https:\/\/www.w3.org\/2000\/svg\" viewbox=\"0 0 448 512\"><path d=\"M224.1 141c-63.6 0-114.9 51.3-114.9 114.9s51.3 114.9 114.9 114.9S339 319.5 339 255.9 287.7 141 224.1 141zm0 189.6c-41.1 0-74.7-33.5-74.7-74.7s33.5-74.7 74.7-74.7 74.7 33.5 74.7 74.7-33.6 74.7-74.7 74.7zm146.4-194.3c0 14.9-12 26.8-26.8 26.8-14.9 0-26.8-12-26.8-26.8s12-26.8 26.8-26.8 26.8 12 26.8 26.8zm76.1 27.2c-1.7-35.9-9.9-67.7-36.2-93.9-26.2-26.2-58-34.4-93.9-36.2-37-2.1-147.9-2.1-184.9 0-35.8 1.7-67.6 9.9-93.9 36.1s-34.4 58-36.2 93.9c-2.1 37-2.1 147.9 0 184.9 1.7 35.9 9.9 67.7 36.2 93.9s58 34.4 93.9 36.2c37 2.1 147.9 2.1 184.9 0 35.9-1.7 67.7-9.9 93.9-36.2 26.2-26.2 34.4-58 36.2-93.9 2.1-37 2.1-147.8 0-184.8zM398.8 388c-7.8 19.6-22.9 34.7-42.6 42.6-29.5 11.7-99.5 9-132.1 9s-102.7 2.6-132.1-9c-19.6-7.8-34.7-22.9-42.6-42.6-11.7-29.5-9-99.5-9-132.1s-2.6-102.7 9-132.1c7.8-19.6 22.9-34.7 42.6-42.6 29.5-11.7 99.5-9 132.1-9s102.7-2.6 132.1 9c19.6 7.8 34.7 22.9 42.6 42.6 11.7 29.5 9 99.5 9 132.1s2.7 102.7-9 132.1z\"><\/path><\/svg><\/span><\/span><\/span><\/div>\n\n\n\n<div class=\"wp-block-uagb-social-share-child uagb-ss-repeater uagb-ss__wrapper uagb-block-b0ac5467\"><span class=\"uagb-ss__link\" data-href=\"https:\/\/api.whatsapp.com\/send?text=\" tabindex=\"0\" role=\"button\" aria-label=\"whatsapp\"><span class=\"uagb-ss__source-wrap\"><span class=\"uagb-ss__source-icon\"><svg xmlns=\"https:\/\/www.w3.org\/2000\/svg\" viewbox=\"0 0 448 512\"><path d=\"M380.9 97.1C339 55.1 283.2 32 223.9 32c-122.4 0-222 99.6-222 222 0 39.1 10.2 77.3 29.6 111L0 480l117.7-30.9c32.4 17.7 68.9 27 106.1 27h.1c122.3 0 224.1-99.6 224.1-222 0-59.3-25.2-115-67.1-157zm-157 341.6c-33.2 0-65.7-8.9-94-25.7l-6.7-4-69.8 18.3L72 359.2l-4.4-7c-18.5-29.4-28.2-63.3-28.2-98.2 0-101.7 82.8-184.5 184.6-184.5 49.3 0 95.6 19.2 130.4 54.1 34.8 34.9 56.2 81.2 56.1 130.5 0 101.8-84.9 184.6-186.6 184.6zm101.2-138.2c-5.5-2.8-32.8-16.2-37.9-18-5.1-1.9-8.8-2.8-12.5 2.8-3.7 5.6-14.3 18-17.6 21.8-3.2 3.7-6.5 4.2-12 1.4-32.6-16.3-54-29.1-75.5-66-5.7-9.8 5.7-9.1 16.3-30.3 1.8-3.7 .9-6.9-.5-9.7-1.4-2.8-12.5-30.1-17.1-41.2-4.5-10.8-9.1-9.3-12.5-9.5-3.2-.2-6.9-.2-10.6-.2-3.7 0-9.7 1.4-14.8 6.9-5.1 5.6-19.4 19-19.4 46.3 0 27.3 19.9 53.7 22.6 57.4 2.8 3.7 39.1 59.7 94.8 83.8 35.2 15.2 49 16.5 66.6 13.9 10.7-1.6 32.8-13.4 37.4-26.4 4.6-13 4.6-24.1 3.2-26.4-1.3-2.5-5-3.9-10.5-6.6z\"><\/path><\/svg><\/span><\/span><\/span><\/div>\n\n\n\n<div class=\"wp-block-uagb-social-share-child uagb-ss-repeater uagb-ss__wrapper uagb-block-f67a399d\"><span class=\"uagb-ss__link\" data-href=\"mailto:?body=\" tabindex=\"0\" role=\"button\" aria-label=\"email\"><span class=\"uagb-ss__source-wrap\"><span class=\"uagb-ss__source-icon\"><svg xmlns=\"https:\/\/www.w3.org\/2000\/svg\" viewbox=\"0 0 512 512\"><path d=\"M464 64C490.5 64 512 85.49 512 112C512 127.1 504.9 141.3 492.8 150.4L275.2 313.6C263.8 322.1 248.2 322.1 236.8 313.6L19.2 150.4C7.113 141.3 0 127.1 0 112C0 85.49 21.49 64 48 64H464zM217.6 339.2C240.4 356.3 271.6 356.3 294.4 339.2L512 176V384C512 419.3 483.3 448 448 448H64C28.65 448 0 419.3 0 384V176L217.6 339.2z\"><\/path><\/svg><\/span><\/span><\/span><\/div>\n<\/div>\n<\/div>\n<\/div><\/div>\n\n\n\n<div class=\"wp-block-uagb-container uagb-block-6b968533 alignfull uagb-is-root-container\"><div class=\"uagb-container-inner-blocks-wrap\">\n<div class=\"wp-block-uagb-container uagb-layout-flex uagb-block-d007fec1 alignfull uagb-is-root-container\"><div class=\"uagb-container-inner-blocks-wrap\">\n<div class=\"wp-block-uagb-container uagb-block-815c24b6\">\n<div class=\"wp-block-uagb-advanced-heading uagb-block-7bbb1e16\"><h6 class=\"uagb-heading-text\">V\u00e5r Ber\u00e4ttelse<\/h6><\/div>\n<\/div>\n\n\n\n<div class=\"wp-block-uagb-container uagb-block-decbf510\">\n<div class=\"wp-block-uagb-advanced-heading uagb-block-62025aa0\"><div class=\"uagb-heading-text\">EIRA NORDIC h\u00e4mtar sin inspiration fr\u00e5n Nordens sj\u00e4l \u2014 d\u00e4r natur, kultur och harmoni fl\u00e4tas samman.<\/div><p class=\"uagb-desc-text\">Varum\u00e4rket \u00e4r uppkallat efter Eir, den nordiska l\u00e4kekonstens gudinna, och \u00e4r en hyllning till harmonin mellan det nordiska landskapet och andlig f\u00f6rnyelse. Varje skapelse f\u00f6renar den skandinaviska naturens stilla kraft med kristallernas ur\u00e5ldriga visdom, och bjuder in till balans, lugn och inre ljus.\n\nGenom minimalistisk design och medvetet hantverk f\u00f6rvandlar EIRA NORDIC Nordens v\u00e4sen till b\u00e4rbara symboler f\u00f6r frid, styrka och \u00e5terh\u00e4mtning.<\/p><\/div>\n<\/div>\n<\/div><\/div>\n\n\n\n<div class=\"wp-block-uagb-container uagb-block-24f66e74\">\n<div class=\"wp-block-uagb-info-box uagb-block-ef4ac097 uagb-infobox__content-wrap  uagb-infobox-icon-above-title uagb-infobox-image-valign-top\"><div class=\"uagb-ifb-content\"><div class=\"uagb-ifb-icon-wrap\"><div class=\"uagb-iconbox-icon-wrap uagb-infobox-shape-circle\"><svg xmlns=\"https:\/\/www.w3.org\/2000\/svg\" viewbox=\"0 0 640 512\"><path d=\"M448 432c0-14.25 8.547-28.14 21.28-34.55l39.56-16.56l15.64-37.52c4.461-9.037 11.45-15.37 19.43-19.23L544 128c0-17.67-14.33-32-32-32s-32 14.33-32 32l-.0156 112c0 8.836-7.148 16-15.98 16s-16.07-7.164-16.07-16L448 64c0-17.67-14.33-32-32-32s-32 14.33-32 32l-.0635 176c0 8.836-7.106 16-15.94 16S351.9 248.8 351.9 240L352 32c0-17.67-14.33-32-32-32S288 14.33 288 32L287.9 240C287.9 248.8 280.8 256 272 256S255.9 248.8 255.9 240L256 64c0-17.67-14.33-32-32-32S192 46.33 192 64v279.4L132.3 283.7C124.5 275.9 114.2 272 104 272C82.68 272 64 289.2 64 312c0 10.23 3.906 20.47 11.72 28.28l113.1 113.1C226.6 491.2 276.9 512 330.3 512H368c42.72 0 81.91-15.32 112.4-40.73l-9.049-3.773C456.6 460.1 448 446.3 448 432zM349.8 371.6L320 383.1l-12.42 29.78C306.1 415 305.4 416 304 416s-2.969-.9941-3.578-2.219L288 383.1l-29.79-12.42C256.1 370.1 256 369.4 256 367.1c0-1.365 .9922-2.967 2.209-3.577L288 352l12.42-29.79C301 320.1 302.6 320 304 320s2.967 .9902 3.578 2.217L320 352l29.79 12.42C351 365 352 366.6 352 367.1C352 369.4 351 370.1 349.8 371.6zM80 224c2.277 0 4.943-1.656 5.959-3.699l20.7-49.63l49.65-20.71c2.027-1.014 3.682-3.696 3.686-5.958C159.1 141.7 158.3 139.1 156.3 138L106.7 117.4L85.96 67.7C84.94 65.65 82.28 64 80 64C77.72 64 75.05 65.65 74.04 67.7L53.34 117.3L3.695 138C1.668 139.1 .0117 141.7 .0078 143.1c.0039 2.262 1.662 4.953 3.688 5.967l49.57 20.67l20.77 49.67C75.05 222.3 77.72 224 80 224zM639.1 432c-.0039-2.275-1.657-4.952-3.687-5.968l-49.57-20.67l-20.77-49.67C564.9 353.7 562.3 352 560 352c-2.281 0-4.959 1.652-5.975 3.695l-20.7 49.63l-49.64 20.71c-2.027 1.016-3.682 3.683-3.686 5.958c.0039 2.262 1.661 4.954 3.686 5.968l49.57 20.67l20.77 49.67C555.1 510.3 557.7 512 560 512c2.277 0 4.933-1.656 5.949-3.699l20.7-49.63l49.65-20.71C638.3 436.9 639.1 434.3 639.1 432z\"><\/path><\/svg><\/div><\/div><div class=\"uagb-ifb-title-wrap\"><h5 class=\"uagb-ifb-title\">Sprungen ur Sverige<\/h5><\/div><p class=\"uagb-ifb-desc\">Inspirerad av nordisk natur, landskap och stillsamma kulturella \u00f6gonblick.<\/p><\/div><\/div>\n\n\n\n<div class=\"wp-block-uagb-info-box uagb-block-b340d15e uagb-infobox__content-wrap  uagb-infobox-icon-above-title uagb-infobox-image-valign-top\"><div class=\"uagb-ifb-content\"><div class=\"uagb-ifb-icon-wrap\"><div class=\"uagb-iconbox-icon-wrap uagb-infobox-shape-circle\"><svg xmlns=\"https:\/\/www.w3.org\/2000\/svg\" viewbox=\"0 0 512 512\"><path d=\"M512 165.4c0 127.9-70.05 235.3-175.3 270.1c-20.04 7.938-41.83 12.46-64.69 12.46c-64.9 0-125.2-36.51-155.7-94.47c-54.13 49.93-68.71 107-68.96 108.1C44.72 472.6 34.87 480 24.02 480c-1.844 0-3.727-.2187-5.602-.6562c-12.89-3.098-20.84-16.08-17.75-28.96c9.598-39.5 90.47-226.4 335.3-226.4C344.8 224 352 216.8 352 208S344.8 192 336 192C228.6 192 151 226.6 96.29 267.6c.1934-10.82 1.242-21.84 3.535-33.05c13.47-65.81 66.04-119 131.4-134.2c28.33-6.562 55.68-6.013 80.93-.0054c56 13.32 118.2-7.412 149.3-61.24c5.664-9.828 20.02-9.516 24.66 .8282C502.7 76.76 512 121.9 512 165.4z\"><\/path><\/svg><\/div><\/div><div class=\"uagb-ifb-title-wrap\"><h5 class=\"uagb-ifb-title\">Skapad med omsorg<\/h5><\/div><p class=\"uagb-ifb-desc\">Handgjord av naturliga material, skapad l\u00e5ngsamt och eftert\u00e4nksamt.<\/p><\/div><\/div>\n\n\n\n<div class=\"wp-block-uagb-info-box uagb-block-84665ea4 uagb-infobox__content-wrap  uagb-infobox-icon-above-title uagb-infobox-image-valign-top\"><div class=\"uagb-ifb-content\"><div class=\"uagb-ifb-icon-wrap\"><div class=\"uagb-iconbox-icon-wrap uagb-infobox-shape-circle\"><svg xmlns=\"https:\/\/www.w3.org\/2000\/svg\" viewbox=\"0 0 576 512\"><path d=\"M275.2 250.5c7 7.375 18.5 7.375 25.5 0l108.1-114.2c31.5-33.12 29.72-88.1-5.65-118.7c-30.88-26.75-76.75-21.9-104.9 7.724L287.1 36.91L276.8 25.28C248.7-4.345 202.7-9.194 171.1 17.56C136.7 48.18 134.7 103.2 166.4 136.3L275.2 250.5zM568.2 336.3c-13.12-17.81-38.14-21.66-55.93-8.469l-119.7 88.17h-120.6c-8.748 0-15.1-7.25-15.1-15.1c0-8.746 7.25-15.1 15.1-15.1h78.25c15.1 0 30.75-10.87 33.37-26.62c3.25-19.1-12.12-37.37-31.62-37.37H191.1c-26.1 0-53.12 9.25-74.12 26.25l-46.5 37.74l-55.37-.0253c-8.748 0-15.1 7.275-15.1 16.02L.0001 496C.0001 504.8 7.251 512 15.1 512h346.1c22.03 0 43.92-7.187 61.7-20.28l135.1-99.51C577.5 379.1 581.3 354.1 568.2 336.3z\"><\/path><\/svg><\/div><\/div><div class=\"uagb-ifb-title-wrap\"><h5 class=\"uagb-ifb-title\">Designad f\u00f6r inre balans<\/h5><\/div><p class=\"uagb-ifb-desc\">En tyst f\u00f6ljeslagare f\u00f6r lugn, n\u00e4rvaro och vardaglig harmoni.<\/p><\/div><\/div>\n<\/div>\n<\/div><\/div>\n\n\n\n<div class=\"wp-block-uagb-container uagb-block-903e8ae4 alignfull uagb-is-root-container\"><div class=\"uagb-container-inner-blocks-wrap\">\n<div class=\"wp-block-uagb-advanced-heading uagb-block-65c9f9cf\"><h4 class=\"uagb-heading-text\">Follow Our Instagram @eiranordic_official<\/h4><\/div>\n\n\n\t\t\t\t\t<div\n\t\t\t\t\t\tclass=\"wp-block-uagb-image-gallery uagb-block-cb094aba\"\n\t\t\t\t\t\tstyle=\"\"\n\t\t\t\t\t>\n\t\t\t\t\t\t\t\t\t\t\t<div class=\"spectra-image-gallery spectra-image-gallery__layout--grid spectra-image-gallery__layout--grid-col-3 spectra-image-gallery__layout--grid-col-tab-3 spectra-image-gallery__layout--grid-col-mob-1\">\n\t\t\t\t\t\t\t\t\t\t\t<div class='spectra-image-gallery__media-wrapper' data-spectra-gallery-image-id='2552' tabindex=\"0\">\n\t\t\t\t\t\t\t<div class=\"spectra-image-gallery__media spectra-image-gallery__media--grid\">\n\t\t\t\t<picture>\n\t\t\t\t\t<source media=\"(min-width: 1024px)\" srcset=\"https:\/\/eiranordic.se\/wp-content\/uploads\/2026\/01\/1-5.jpg\">\n\t\t\t\t\t<source media=\"(min-width: 768px)\" srcset=\"https:\/\/eiranordic.se\/wp-content\/uploads\/2026\/01\/1-5-767x1024.jpg\">\n\t\t\t\t\t<img decoding=\"async\" class=\"spectra-image-gallery__media-thumbnail spectra-image-gallery__media-thumbnail--grid\" src=\"https:\/\/eiranordic.se\/wp-content\/uploads\/2026\/01\/1-5.jpg\" alt=\"\" loading=\"lazy\" \/>\n\t\t\t\t<\/picture>\n\t\t\t\t<div class=\"spectra-image-gallery__media-thumbnail-blurrer\"><\/div>\n\t\t\t\t\t\t\t\t\t\t\t<div class=\"spectra-image-gallery__media-thumbnail-caption-wrapper spectra-image-gallery__media-thumbnail-caption-wrapper--overlay\"><\/div>\n\t\t\t\t\t\t\t\t<\/div>\n\t\t\t\t\t\t<\/div>\n\t\t\t\t\t\t<div class='spectra-image-gallery__media-wrapper' data-spectra-gallery-image-id='2554' tabindex=\"0\">\n\t\t\t\t\t\t\t<div class=\"spectra-image-gallery__media spectra-image-gallery__media--grid\">\n\t\t\t\t<picture>\n\t\t\t\t\t<source media=\"(min-width: 1024px)\" srcset=\"https:\/\/eiranordic.se\/wp-content\/uploads\/2026\/01\/3-7.jpg\">\n\t\t\t\t\t<source media=\"(min-width: 768px)\" srcset=\"https:\/\/eiranordic.se\/wp-content\/uploads\/2026\/01\/3-7-767x1024.jpg\">\n\t\t\t\t\t<img decoding=\"async\" class=\"spectra-image-gallery__media-thumbnail spectra-image-gallery__media-thumbnail--grid\" src=\"https:\/\/eiranordic.se\/wp-content\/uploads\/2026\/01\/3-7.jpg\" alt=\"\" loading=\"lazy\" \/>\n\t\t\t\t<\/picture>\n\t\t\t\t<div class=\"spectra-image-gallery__media-thumbnail-blurrer\"><\/div>\n\t\t\t\t\t\t\t\t\t\t\t<div class=\"spectra-image-gallery__media-thumbnail-caption-wrapper spectra-image-gallery__media-thumbnail-caption-wrapper--overlay\"><\/div>\n\t\t\t\t\t\t\t\t<\/div>\n\t\t\t\t\t\t<\/div>\n\t\t\t\t\t\t<div class='spectra-image-gallery__media-wrapper' data-spectra-gallery-image-id='2555' tabindex=\"0\">\n\t\t\t\t\t\t\t<div class=\"spectra-image-gallery__media spectra-image-gallery__media--grid\">\n\t\t\t\t<picture>\n\t\t\t\t\t<source media=\"(min-width: 1024px)\" srcset=\"https:\/\/eiranordic.se\/wp-content\/uploads\/2026\/01\/4-6.jpg\">\n\t\t\t\t\t<source media=\"(min-width: 768px)\" srcset=\"https:\/\/eiranordic.se\/wp-content\/uploads\/2026\/01\/4-6-767x1024.jpg\">\n\t\t\t\t\t<img decoding=\"async\" class=\"spectra-image-gallery__media-thumbnail spectra-image-gallery__media-thumbnail--grid\" src=\"https:\/\/eiranordic.se\/wp-content\/uploads\/2026\/01\/4-6.jpg\" alt=\"\" loading=\"lazy\" \/>\n\t\t\t\t<\/picture>\n\t\t\t\t<div class=\"spectra-image-gallery__media-thumbnail-blurrer\"><\/div>\n\t\t\t\t\t\t\t\t\t\t\t<div class=\"spectra-image-gallery__media-thumbnail-caption-wrapper spectra-image-gallery__media-thumbnail-caption-wrapper--overlay\"><\/div>\n\t\t\t\t\t\t\t\t<\/div>\n\t\t\t\t\t\t<\/div>\n\t\t\t\t\t\t<div class='spectra-image-gallery__media-wrapper' data-spectra-gallery-image-id='2556' tabindex=\"0\">\n\t\t\t\t\t\t\t<div class=\"spectra-image-gallery__media spectra-image-gallery__media--grid\">\n\t\t\t\t<picture>\n\t\t\t\t\t<source media=\"(min-width: 1024px)\" srcset=\"https:\/\/eiranordic.se\/wp-content\/uploads\/2026\/01\/5-6.jpg\">\n\t\t\t\t\t<source media=\"(min-width: 768px)\" srcset=\"https:\/\/eiranordic.se\/wp-content\/uploads\/2026\/01\/5-6-767x1024.jpg\">\n\t\t\t\t\t<img decoding=\"async\" class=\"spectra-image-gallery__media-thumbnail spectra-image-gallery__media-thumbnail--grid\" src=\"https:\/\/eiranordic.se\/wp-content\/uploads\/2026\/01\/5-6.jpg\" alt=\"\" loading=\"lazy\" \/>\n\t\t\t\t<\/picture>\n\t\t\t\t<div class=\"spectra-image-gallery__media-thumbnail-blurrer\"><\/div>\n\t\t\t\t\t\t\t\t\t\t\t<div class=\"spectra-image-gallery__media-thumbnail-caption-wrapper spectra-image-gallery__media-thumbnail-caption-wrapper--overlay\"><\/div>\n\t\t\t\t\t\t\t\t<\/div>\n\t\t\t\t\t\t<\/div>\n\t\t\t\t\t\t<div class='spectra-image-gallery__media-wrapper' data-spectra-gallery-image-id='2557' tabindex=\"0\">\n\t\t\t\t\t\t\t<div class=\"spectra-image-gallery__media spectra-image-gallery__media--grid\">\n\t\t\t\t<picture>\n\t\t\t\t\t<source media=\"(min-width: 1024px)\" srcset=\"https:\/\/eiranordic.se\/wp-content\/uploads\/2026\/01\/6-4.jpg\">\n\t\t\t\t\t<source media=\"(min-width: 768px)\" srcset=\"https:\/\/eiranordic.se\/wp-content\/uploads\/2026\/01\/6-4-767x1024.jpg\">\n\t\t\t\t\t<img decoding=\"async\" class=\"spectra-image-gallery__media-thumbnail spectra-image-gallery__media-thumbnail--grid\" src=\"https:\/\/eiranordic.se\/wp-content\/uploads\/2026\/01\/6-4.jpg\" alt=\"\" loading=\"lazy\" \/>\n\t\t\t\t<\/picture>\n\t\t\t\t<div class=\"spectra-image-gallery__media-thumbnail-blurrer\"><\/div>\n\t\t\t\t\t\t\t\t\t\t\t<div class=\"spectra-image-gallery__media-thumbnail-caption-wrapper spectra-image-gallery__media-thumbnail-caption-wrapper--overlay\"><\/div>\n\t\t\t\t\t\t\t\t<\/div>\n\t\t\t\t\t\t<\/div>\n\t\t\t\t\t\t<div class='spectra-image-gallery__media-wrapper' data-spectra-gallery-image-id='2558' tabindex=\"0\">\n\t\t\t\t\t\t\t<div class=\"spectra-image-gallery__media spectra-image-gallery__media--grid\">\n\t\t\t\t<picture>\n\t\t\t\t\t<source media=\"(min-width: 1024px)\" srcset=\"https:\/\/eiranordic.se\/wp-content\/uploads\/2026\/01\/7-1.jpg\">\n\t\t\t\t\t<source media=\"(min-width: 768px)\" srcset=\"https:\/\/eiranordic.se\/wp-content\/uploads\/2026\/01\/7-1-767x1024.jpg\">\n\t\t\t\t\t<img decoding=\"async\" class=\"spectra-image-gallery__media-thumbnail spectra-image-gallery__media-thumbnail--grid\" src=\"https:\/\/eiranordic.se\/wp-content\/uploads\/2026\/01\/7-1.jpg\" alt=\"\" loading=\"lazy\" \/>\n\t\t\t\t<\/picture>\n\t\t\t\t<div class=\"spectra-image-gallery__media-thumbnail-blurrer\"><\/div>\n\t\t\t\t\t\t\t\t\t\t\t<div class=\"spectra-image-gallery__media-thumbnail-caption-wrapper spectra-image-gallery__media-thumbnail-caption-wrapper--overlay\"><\/div>\n\t\t\t\t\t\t\t\t<\/div>\n\t\t\t\t\t\t<\/div>\n\t\t\t\t\t\t\t\t\t\t<\/div>\n\t\t\t\t\t\t\t\t\t\t\t\t\t\t\t\t\t\t<\/div>\n\t\t\t\t\t\t\t\t\t<\/div><\/div>","protected":false},"excerpt":{"rendered":"<p>From Founder Social Media Our Story EIRA NORDIC draws inspiration from the soul of the North \u2014 where nature, culture, and serenity intertwine. Named after Eira, the Norse goddess of healing, the brand celebrates the harmony between Nordic landscapes and spiritual renewal. Each creation fuses the quiet power of Scandinavian nature with the ancient wisdom [&hellip;]<\/p>\n","protected":false},"author":1,"featured_media":0,"parent":0,"menu_order":0,"comment_status":"closed","ping_status":"closed","template":"","meta":{"_uag_custom_page_level_css":"","site-sidebar-layout":"no-sidebar","site-content-layout":"page-builder","ast-site-content-layout":"full-width-container","site-content-style":"unboxed","site-sidebar-style":"unboxed","ast-global-header-display":"","ast-banner-title-visibility":"","ast-main-header-display":"","ast-hfb-above-header-display":"","ast-hfb-below-header-display":"","ast-hfb-mobile-header-display":"","site-post-title":"disabled","ast-breadcrumbs-content":"disabled","ast-featured-img":"disabled","footer-sml-layout":"","ast-disable-related-posts":"","theme-transparent-header-meta":"enabled","adv-header-id-meta":"","stick-header-meta":"","header-above-stick-meta":"","header-main-stick-meta":"","header-below-stick-meta":"","astra-migrate-meta-layouts":"set","ast-page-background-enabled":"default","ast-page-background-meta":{"desktop":{"background-color":"var(--ast-global-color-4)","background-image":"","background-repeat":"repeat","background-position":"center center","background-size":"auto","background-attachment":"scroll","background-type":"","background-media":"","overlay-type":"","overlay-color":"","overlay-opacity":"","overlay-gradient":""},"tablet":{"background-color":"","background-image":"","background-repeat":"repeat","background-position":"center center","background-size":"auto","background-attachment":"scroll","background-type":"","background-media":"","overlay-type":"","overlay-color":"","overlay-opacity":"","overlay-gradient":""},"mobile":{"background-color":"","background-image":"","background-repeat":"repeat","background-position":"center center","background-size":"auto","background-attachment":"scroll","background-type":"","background-media":"","overlay-type":"","overlay-color":"","overlay-opacity":"","overlay-gradient":""}},"ast-content-background-meta":{"desktop":{"background-color":"var(--ast-global-color-5)","background-image":"","background-repeat":"repeat","background-position":"center center","background-size":"auto","background-attachment":"scroll","background-type":"","background-media":"","overlay-type":"","overlay-color":"","overlay-opacity":"","overlay-gradient":""},"tablet":{"background-color":"var(--ast-global-color-5)","background-image":"","background-repeat":"repeat","background-position":"center center","background-size":"auto","background-attachment":"scroll","background-type":"","background-media":"","overlay-type":"","overlay-color":"","overlay-opacity":"","overlay-gradient":""},"mobile":{"background-color":"var(--ast-global-color-5)","background-image":"","background-repeat":"repeat","background-position":"center center","background-size":"auto","background-attachment":"scroll","background-type":"","background-media":"","overlay-type":"","overlay-color":"","overlay-opacity":"","overlay-gradient":""}},"footnotes":""},"class_list":["post-1116","page","type-page","status-publish","hentry"],"aioseo_notices":[],"_hostinger_reach_plugin_has_subscription_block":false,"_hostinger_reach_plugin_is_elementor":false,"uagb_featured_image_src":{"full":false,"thumbnail":false,"medium":false,"medium_large":false,"large":false,"1536x1536":false,"2048x2048":false,"trp-custom-language-flag":false,"woocommerce_thumbnail":false,"woocommerce_single":false,"woocommerce_gallery_thumbnail":false},"uagb_author_info":{"display_name":"alexkhun07@gmail.com","author_link":"https:\/\/eiranordic.se\/sv\/author\/alexkhun07gmail-com\/"},"uagb_comment_info":0,"uagb_excerpt":"From Founder Social Media Our Story EIRA NORDIC draws inspiration from the soul of the North \u2014 where nature, culture, and serenity intertwine. Named after Eira, the Norse goddess of healing, the brand celebrates the harmony between Nordic landscapes and spiritual renewal. Each creation fuses the quiet power of Scandinavian nature with the ancient wisdom&hellip;","_links":{"self":[{"href":"https:\/\/eiranordic.se\/sv\/wp-json\/wp\/v2\/pages\/1116","targetHints":{"allow":["GET"]}}],"collection":[{"href":"https:\/\/eiranordic.se\/sv\/wp-json\/wp\/v2\/pages"}],"about":[{"href":"https:\/\/eiranordic.se\/sv\/wp-json\/wp\/v2\/types\/page"}],"author":[{"embeddable":true,"href":"https:\/\/eiranordic.se\/sv\/wp-json\/wp\/v2\/users\/1"}],"replies":[{"embeddable":true,"href":"https:\/\/eiranordic.se\/sv\/wp-json\/wp\/v2\/comments?post=1116"}],"version-history":[{"count":8,"href":"https:\/\/eiranordic.se\/sv\/wp-json\/wp\/v2\/pages\/1116\/revisions"}],"predecessor-version":[{"id":2637,"href":"https:\/\/eiranordic.se\/sv\/wp-json\/wp\/v2\/pages\/1116\/revisions\/2637"}],"wp:attachment":[{"href":"https:\/\/eiranordic.se\/sv\/wp-json\/wp\/v2\/media?parent=1116"}],"curies":[{"name":"wp","href":"https:\/\/api.w.org\/{rel}","templated":true}]}}